{"id":4005,"date":"2025-09-10T20:04:04","date_gmt":"2025-09-10T18:04:04","guid":{"rendered":"https:\/\/silwers.ue.katowice.pl\/zpravy\/"},"modified":"2026-04-19T18:22:37","modified_gmt":"2026-04-19T16:22:37","slug":"zpravy","status":"publish","type":"page","link":"https:\/\/silwers.ue.katowice.pl\/cs\/zpravy\/","title":{"rendered":"Zpr\u00e1vy"},"content":{"rendered":"\t\t<div data-elementor-type=\"wp-page\" data-elementor-id=\"4005\" class=\"elementor elementor-4005\" data-elementor-post-type=\"page\">\n\t\t\t\t<div class=\"elementor-element elementor-element-cf9605a e-flex e-con-boxed e-con e-parent\" data-id=\"cf9605a\" data-element_type=\"container\" data-e-type=\"container\" data-settings=\"{&quot;background_background&quot;:&quot;classic&quot;}\">\n\t\t\t\t\t<div class=\"e-con-inner\">\n\t\t\t\t<div class=\"elementor-element elementor-element-26dc387 elementor-widget elementor-widget-heading\" data-id=\"26dc387\" data-element_type=\"widget\" data-e-type=\"widget\" data-widget_type=\"heading.default\">\n\t\t\t\t<div class=\"elementor-widget-container\">\n\t\t\t\t\t<h1 class=\"elementor-heading-title elementor-size-default\"><!-- x-tinymce\/html -->Materi\u00e1ly ke sta\u017een\u00ed<\/h1>\t\t\t\t<\/div>\n\t\t\t\t<\/div>\n\t\t\t\t\t<\/div>\n\t\t\t\t<\/div>\n\t\t<div class=\"elementor-element elementor-element-7a6e9d4 e-flex e-con-boxed e-con e-parent\" data-id=\"7a6e9d4\" data-element_type=\"container\" data-e-type=\"container\">\n\t\t\t\t\t<div class=\"e-con-inner\">\n\t\t\t\t<div class=\"elementor-element elementor-element-cfe4c2c elementor-widget elementor-widget-heading\" data-id=\"cfe4c2c\" data-element_type=\"widget\" data-e-type=\"widget\" data-widget_type=\"heading.default\">\n\t\t\t\t<div class=\"elementor-widget-container\">\n\t\t\t\t\t<h2 class=\"elementor-heading-title elementor-size-default\"><!-- x-tinymce\/html -->Identifikace pot\u0159eb<\/h2>\t\t\t\t<\/div>\n\t\t\t\t<\/div>\n\t\t\t\t<div class=\"elementor-element elementor-element-e5dc6e2 elementor-widget elementor-widget-text-editor\" data-id=\"e5dc6e2\" data-element_type=\"widget\" data-e-type=\"widget\" data-widget_type=\"text-editor.default\">\n\t\t\t\t<div class=\"elementor-widget-container\">\n\t\t\t\t\t\t\t\t\t<p>V r\u00e1mci anal\u00fdzy pot\u0159eb jsme provedli pr\u016fzkum mezi seniory, pedagogy pracuj\u00edc\u00edmi se seniory a odborn\u00edky na informa\u010dn\u00ed technologie. St\u00e1hn\u011bte si zpr\u00e1vy a pod\u00edvejte se, jak\u00e9 kl\u00ed\u010dov\u00e9 pot\u0159eby a v\u00fdzvy ka\u017ed\u00e1 z t\u011bchto skupin identifikovala.<\/p>\t\t\t\t\t\t\t\t<\/div>\n\t\t\t\t<\/div>\n\t\t\t\t\t<\/div>\n\t\t\t\t<\/div>\n\t\t<div class=\"elementor-element elementor-element-7d2475c e-flex e-con-boxed e-con e-parent\" data-id=\"7d2475c\" data-element_type=\"container\" data-e-type=\"container\">\n\t\t\t\t\t<div class=\"e-con-inner\">\n\t\t<div class=\"elementor-element elementor-element-18ddb45 e-con-full e-flex e-con e-child\" data-id=\"18ddb45\" data-element_type=\"container\" data-e-type=\"container\">\n\t\t\t\t<div class=\"elementor-element elementor-element-bd5e2b7 elementor-position-top elementor-widget elementor-widget-image-box\" data-id=\"bd5e2b7\" data-element_type=\"widget\" data-e-type=\"widget\" data-widget_type=\"image-box.default\">\n\t\t\t\t<div class=\"elementor-widget-container\">\n\t\t\t\t\t<div class=\"elementor-image-box-wrapper\"><figure class=\"elementor-image-box-img\"><img fetchpriority=\"high\" decoding=\"async\" width=\"427\" height=\"427\" src=\"https:\/\/silwers.ue.katowice.pl\/wp-content\/uploads\/2025\/01\/silwers-favicon.png\" class=\"attachment-full size-full wp-image-1166\" alt=\"\" srcset=\"https:\/\/silwers.ue.katowice.pl\/wp-content\/uploads\/2025\/01\/silwers-favicon.png 427w, https:\/\/silwers.ue.katowice.pl\/wp-content\/uploads\/2025\/01\/silwers-favicon-300x300.png 300w, https:\/\/silwers.ue.katowice.pl\/wp-content\/uploads\/2025\/01\/silwers-favicon-150x150.png 150w, https:\/\/silwers.ue.katowice.pl\/wp-content\/uploads\/2025\/01\/elementor\/thumbs\/silwers-favicon-r5ybbcazavfxfok2ni9za6so5v215i1n9lm0k54whg.png 50w, https:\/\/silwers.ue.katowice.pl\/wp-content\/uploads\/2025\/01\/elementor\/thumbs\/silwers-favicon-r5ybbcayptmfv1fvqfgm9o5ggqmulgi3n50c09pfo4.png 2w, https:\/\/silwers.ue.katowice.pl\/wp-content\/uploads\/2025\/01\/elementor\/thumbs\/silwers-favicon-r5ybbcayzwqtj6in1s26r632wj04hk8psngq0silh6.png 25w\" sizes=\"(max-width: 427px) 100vw, 427px\" \/><\/figure><div class=\"elementor-image-box-content\"><h3 class=\"elementor-image-box-title\"><!-- x-tinymce\/html -->IT odborn\u00edci<\/h3><p class=\"elementor-image-box-description\"><!-- x-tinymce\/html -->Zpr\u00e1va z fokusn\u00ed skupiny s odborn\u00edky na IT v oblasti kyberbezpe\u010dnosti a um\u011bl\u00e9 inteligence ze 4 zem\u00ed.<\/p><\/div><\/div>\t\t\t\t<\/div>\n\t\t\t\t<\/div>\n\t\t\t\t<div class=\"elementor-element elementor-element-e73c53b elementor-align-center elementor-widget elementor-widget-button\" data-id=\"e73c53b\" data-element_type=\"widget\" data-e-type=\"widget\" data-widget_type=\"button.default\">\n\t\t\t\t<div class=\"elementor-widget-container\">\n\t\t\t\t\t\t\t\t\t<div class=\"elementor-button-wrapper\">\n\t\t\t\t\t<a class=\"elementor-button elementor-button-link elementor-size-sm\" href=\"https:\/\/silwers.ue.katowice.pl\/wp-content\/uploads\/2025\/12\/SILWERS-expert-fora-report-CS.pdf\">\n\t\t\t\t\t\t<span class=\"elementor-button-content-wrapper\">\n\t\t\t\t\t\t\t\t\t<span class=\"elementor-button-text\">St\u00e1hnout soubor<\/span>\n\t\t\t\t\t<\/span>\n\t\t\t\t\t<\/a>\n\t\t\t\t<\/div>\n\t\t\t\t\t\t\t\t<\/div>\n\t\t\t\t<\/div>\n\t\t\t\t<\/div>\n\t\t<div class=\"elementor-element elementor-element-fdc6d59 e-con-full e-flex e-con e-child\" data-id=\"fdc6d59\" data-element_type=\"container\" data-e-type=\"container\">\n\t\t\t\t<div class=\"elementor-element elementor-element-0d07bc7 elementor-position-top elementor-widget elementor-widget-image-box\" data-id=\"0d07bc7\" data-element_type=\"widget\" data-e-type=\"widget\" data-widget_type=\"image-box.default\">\n\t\t\t\t<div class=\"elementor-widget-container\">\n\t\t\t\t\t<div class=\"elementor-image-box-wrapper\"><figure class=\"elementor-image-box-img\"><img fetchpriority=\"high\" decoding=\"async\" width=\"427\" height=\"427\" src=\"https:\/\/silwers.ue.katowice.pl\/wp-content\/uploads\/2025\/01\/silwers-favicon.png\" class=\"attachment-full size-full wp-image-1166\" alt=\"\" srcset=\"https:\/\/silwers.ue.katowice.pl\/wp-content\/uploads\/2025\/01\/silwers-favicon.png 427w, https:\/\/silwers.ue.katowice.pl\/wp-content\/uploads\/2025\/01\/silwers-favicon-300x300.png 300w, https:\/\/silwers.ue.katowice.pl\/wp-content\/uploads\/2025\/01\/silwers-favicon-150x150.png 150w, https:\/\/silwers.ue.katowice.pl\/wp-content\/uploads\/2025\/01\/elementor\/thumbs\/silwers-favicon-r5ybbcazavfxfok2ni9za6so5v215i1n9lm0k54whg.png 50w, https:\/\/silwers.ue.katowice.pl\/wp-content\/uploads\/2025\/01\/elementor\/thumbs\/silwers-favicon-r5ybbcayptmfv1fvqfgm9o5ggqmulgi3n50c09pfo4.png 2w, https:\/\/silwers.ue.katowice.pl\/wp-content\/uploads\/2025\/01\/elementor\/thumbs\/silwers-favicon-r5ybbcayzwqtj6in1s26r632wj04hk8psngq0silh6.png 25w\" sizes=\"(max-width: 427px) 100vw, 427px\" \/><\/figure><div class=\"elementor-image-box-content\"><h3 class=\"elementor-image-box-title\"><!-- x-tinymce\/html -->Slovn\u00ed\u010dek<\/h3><p class=\"elementor-image-box-description\"><!-- x-tinymce\/html -->Obl\u00edben\u00e9 a u\u017eite\u010dn\u00e9 pojmy t\u00fdkaj\u00edc\u00ed se bezpe\u010dn\u00e9ho pohybu na internetu.<\/p><\/div><\/div>\t\t\t\t<\/div>\n\t\t\t\t<\/div>\n\t\t\t\t<div class=\"elementor-element elementor-element-001087e elementor-align-center elementor-widget elementor-widget-button\" data-id=\"001087e\" data-element_type=\"widget\" data-e-type=\"widget\" data-widget_type=\"button.default\">\n\t\t\t\t<div class=\"elementor-widget-container\">\n\t\t\t\t\t\t\t\t\t<div class=\"elementor-button-wrapper\">\n\t\t\t\t\t<a class=\"elementor-button elementor-button-link elementor-size-sm\" href=\"https:\/\/silwers.ue.katowice.pl\/wp-content\/uploads\/2025\/12\/SILWERS-dictionary-CS.pdf\">\n\t\t\t\t\t\t<span class=\"elementor-button-content-wrapper\">\n\t\t\t\t\t\t\t\t\t<span class=\"elementor-button-text\">St\u00e1hnout soubor<\/span>\n\t\t\t\t\t<\/span>\n\t\t\t\t\t<\/a>\n\t\t\t\t<\/div>\n\t\t\t\t\t\t\t\t<\/div>\n\t\t\t\t<\/div>\n\t\t\t\t<\/div>\n\t\t\t\t\t<\/div>\n\t\t\t\t<\/div>\n\t\t<div class=\"elementor-element elementor-element-f628709 e-flex e-con-boxed e-con e-parent\" data-id=\"f628709\" data-element_type=\"container\" data-e-type=\"container\">\n\t\t\t\t\t<div class=\"e-con-inner\">\n\t\t<div class=\"elementor-element elementor-element-8b98ace e-con-full e-flex e-con e-child\" data-id=\"8b98ace\" data-element_type=\"container\" data-e-type=\"container\">\n\t\t\t\t<div class=\"elementor-element elementor-element-fbebbad elementor-position-top elementor-widget elementor-widget-image-box\" data-id=\"fbebbad\" data-element_type=\"widget\" data-e-type=\"widget\" data-widget_type=\"image-box.default\">\n\t\t\t\t<div class=\"elementor-widget-container\">\n\t\t\t\t\t<div class=\"elementor-image-box-wrapper\"><figure class=\"elementor-image-box-img\"><img fetchpriority=\"high\" decoding=\"async\" width=\"427\" height=\"427\" src=\"https:\/\/silwers.ue.katowice.pl\/wp-content\/uploads\/2025\/01\/silwers-favicon.png\" class=\"attachment-full size-full wp-image-1166\" alt=\"\" srcset=\"https:\/\/silwers.ue.katowice.pl\/wp-content\/uploads\/2025\/01\/silwers-favicon.png 427w, https:\/\/silwers.ue.katowice.pl\/wp-content\/uploads\/2025\/01\/silwers-favicon-300x300.png 300w, https:\/\/silwers.ue.katowice.pl\/wp-content\/uploads\/2025\/01\/silwers-favicon-150x150.png 150w, https:\/\/silwers.ue.katowice.pl\/wp-content\/uploads\/2025\/01\/elementor\/thumbs\/silwers-favicon-r5ybbcazavfxfok2ni9za6so5v215i1n9lm0k54whg.png 50w, https:\/\/silwers.ue.katowice.pl\/wp-content\/uploads\/2025\/01\/elementor\/thumbs\/silwers-favicon-r5ybbcayptmfv1fvqfgm9o5ggqmulgi3n50c09pfo4.png 2w, https:\/\/silwers.ue.katowice.pl\/wp-content\/uploads\/2025\/01\/elementor\/thumbs\/silwers-favicon-r5ybbcayzwqtj6in1s26r632wj04hk8psngq0silh6.png 25w\" sizes=\"(max-width: 427px) 100vw, 427px\" \/><\/figure><div class=\"elementor-image-box-content\"><h3 class=\"elementor-image-box-title\"><!-- x-tinymce\/html -->Vychovatel\u00e9<\/h3><p class=\"elementor-image-box-description\"><!-- x-tinymce\/html -->Zpr\u00e1va z fokusn\u00edch skupin s pedagogy \u2013 v\u00fdzkum proveden\u00fd v Polsku, \u0158ecku, \u010cesk\u00e9 republice a na Islandu.<\/p><\/div><\/div>\t\t\t\t<\/div>\n\t\t\t\t<\/div>\n\t\t\t\t<div class=\"elementor-element elementor-element-02d7f6e elementor-align-center elementor-widget elementor-widget-button\" data-id=\"02d7f6e\" data-element_type=\"widget\" data-e-type=\"widget\" data-widget_type=\"button.default\">\n\t\t\t\t<div class=\"elementor-widget-container\">\n\t\t\t\t\t\t\t\t\t<div class=\"elementor-button-wrapper\">\n\t\t\t\t\t<a class=\"elementor-button elementor-button-link elementor-size-sm\" href=\"https:\/\/silwers.ue.katowice.pl\/wp-content\/uploads\/2025\/12\/SILWERS-Skills-anticipation-workshops-report-CS.pdf\">\n\t\t\t\t\t\t<span class=\"elementor-button-content-wrapper\">\n\t\t\t\t\t\t\t\t\t<span class=\"elementor-button-text\">St\u00e1hnout soubor<\/span>\n\t\t\t\t\t<\/span>\n\t\t\t\t\t<\/a>\n\t\t\t\t<\/div>\n\t\t\t\t\t\t\t\t<\/div>\n\t\t\t\t<\/div>\n\t\t\t\t<\/div>\n\t\t<div class=\"elementor-element elementor-element-648ac53 e-con-full e-flex e-con e-child\" data-id=\"648ac53\" data-element_type=\"container\" data-e-type=\"container\">\n\t\t\t\t<div class=\"elementor-element elementor-element-d3f00f6 elementor-position-top elementor-widget elementor-widget-image-box\" data-id=\"d3f00f6\" data-element_type=\"widget\" data-e-type=\"widget\" data-widget_type=\"image-box.default\">\n\t\t\t\t<div class=\"elementor-widget-container\">\n\t\t\t\t\t<div class=\"elementor-image-box-wrapper\"><figure class=\"elementor-image-box-img\"><img fetchpriority=\"high\" decoding=\"async\" width=\"427\" height=\"427\" src=\"https:\/\/silwers.ue.katowice.pl\/wp-content\/uploads\/2025\/01\/silwers-favicon.png\" class=\"attachment-full size-full wp-image-1166\" alt=\"\" srcset=\"https:\/\/silwers.ue.katowice.pl\/wp-content\/uploads\/2025\/01\/silwers-favicon.png 427w, https:\/\/silwers.ue.katowice.pl\/wp-content\/uploads\/2025\/01\/silwers-favicon-300x300.png 300w, https:\/\/silwers.ue.katowice.pl\/wp-content\/uploads\/2025\/01\/silwers-favicon-150x150.png 150w, https:\/\/silwers.ue.katowice.pl\/wp-content\/uploads\/2025\/01\/elementor\/thumbs\/silwers-favicon-r5ybbcazavfxfok2ni9za6so5v215i1n9lm0k54whg.png 50w, https:\/\/silwers.ue.katowice.pl\/wp-content\/uploads\/2025\/01\/elementor\/thumbs\/silwers-favicon-r5ybbcayptmfv1fvqfgm9o5ggqmulgi3n50c09pfo4.png 2w, https:\/\/silwers.ue.katowice.pl\/wp-content\/uploads\/2025\/01\/elementor\/thumbs\/silwers-favicon-r5ybbcayzwqtj6in1s26r632wj04hk8psngq0silh6.png 25w\" sizes=\"(max-width: 427px) 100vw, 427px\" \/><\/figure><div class=\"elementor-image-box-content\"><h3 class=\"elementor-image-box-title\"><!-- x-tinymce\/html -->Senio\u0159i<\/h3><p class=\"elementor-image-box-description\"><!-- x-tinymce\/html -->Zpr\u00e1va z pr\u016fzkumu mezi seniory, kter\u00fd byl proveden na vzorku X osob ve v\u011bku nad 55 let ve 4 zem\u00edch.<\/p><\/div><\/div>\t\t\t\t<\/div>\n\t\t\t\t<\/div>\n\t\t\t\t<div class=\"elementor-element elementor-element-95629c4 elementor-align-center elementor-widget elementor-widget-button\" data-id=\"95629c4\" data-element_type=\"widget\" data-e-type=\"widget\" data-widget_type=\"button.default\">\n\t\t\t\t<div class=\"elementor-widget-container\">\n\t\t\t\t\t\t\t\t\t<div class=\"elementor-button-wrapper\">\n\t\t\t\t\t<a class=\"elementor-button elementor-button-link elementor-size-sm\" href=\"#\">\n\t\t\t\t\t\t<span class=\"elementor-button-content-wrapper\">\n\t\t\t\t\t\t\t\t\t<span class=\"elementor-button-text\">St\u00e1hnout soubor<\/span>\n\t\t\t\t\t<\/span>\n\t\t\t\t\t<\/a>\n\t\t\t\t<\/div>\n\t\t\t\t\t\t\t\t<\/div>\n\t\t\t\t<\/div>\n\t\t\t\t<\/div>\n\t\t\t\t\t<\/div>\n\t\t\t\t<\/div>\n\t\t\t\t<\/div>\n\t\t","protected":false},"excerpt":{"rendered":"<p>Materi\u00e1ly ke sta\u017een\u00ed Identifikace pot\u0159eb V r\u00e1mci anal\u00fdzy pot\u0159eb jsme provedli pr\u016fzkum mezi seniory, pedagogy pracuj\u00edc\u00edmi se seniory<\/p>\n","protected":false},"author":2,"featured_media":0,"parent":0,"menu_order":0,"comment_status":"closed","ping_status":"closed","template":"elementor_header_footer","meta":{"_tutorstarter_page_metadata":[],"footnotes":""},"class_list":["post-4005","page","type-page","status-publish","hentry"],"_links":{"self":[{"href":"https:\/\/silwers.ue.katowice.pl\/cs\/wp-json\/wp\/v2\/pages\/4005","targetHints":{"allow":["GET"]}}],"collection":[{"href":"https:\/\/silwers.ue.katowice.pl\/cs\/wp-json\/wp\/v2\/pages"}],"about":[{"href":"https:\/\/silwers.ue.katowice.pl\/cs\/wp-json\/wp\/v2\/types\/page"}],"author":[{"embeddable":true,"href":"https:\/\/silwers.ue.katowice.pl\/cs\/wp-json\/wp\/v2\/users\/2"}],"replies":[{"embeddable":true,"href":"https:\/\/silwers.ue.katowice.pl\/cs\/wp-json\/wp\/v2\/comments?post=4005"}],"version-history":[{"count":4,"href":"https:\/\/silwers.ue.katowice.pl\/cs\/wp-json\/wp\/v2\/pages\/4005\/revisions"}],"predecessor-version":[{"id":4052,"href":"https:\/\/silwers.ue.katowice.pl\/cs\/wp-json\/wp\/v2\/pages\/4005\/revisions\/4052"}],"wp:attachment":[{"href":"https:\/\/silwers.ue.katowice.pl\/cs\/wp-json\/wp\/v2\/media?parent=4005"}],"curies":[{"name":"wp","href":"https:\/\/api.w.org\/{rel}","templated":true}]}}