{"id":4027,"date":"2025-09-10T20:02:20","date_gmt":"2025-09-10T18:02:20","guid":{"rendered":"https:\/\/silwers.ue.katowice.pl\/partneri\/"},"modified":"2026-04-19T18:29:37","modified_gmt":"2026-04-19T16:29:37","slug":"partneri","status":"publish","type":"page","link":"https:\/\/silwers.ue.katowice.pl\/cs\/partneri\/","title":{"rendered":"Partne\u0159i"},"content":{"rendered":"\t\t<div data-elementor-type=\"wp-page\" data-elementor-id=\"4027\" class=\"elementor elementor-4027\" data-elementor-post-type=\"page\">\n\t\t\t\t<div class=\"elementor-element elementor-element-60c6b0d e-flex e-con-boxed e-con e-parent\" data-id=\"60c6b0d\" data-element_type=\"container\" data-e-type=\"container\" data-settings=\"{&quot;background_background&quot;:&quot;classic&quot;}\">\n\t\t\t\t\t<div class=\"e-con-inner\">\n\t\t\t\t<div class=\"elementor-element elementor-element-f51412c elementor-widget elementor-widget-heading\" data-id=\"f51412c\" data-element_type=\"widget\" data-e-type=\"widget\" data-widget_type=\"heading.default\">\n\t\t\t\t<div class=\"elementor-widget-container\">\n\t\t\t\t\t<h1 class=\"elementor-heading-title elementor-size-default\"><!-- x-tinymce\/html -->Partne\u0159i<\/h1>\t\t\t\t<\/div>\n\t\t\t\t<\/div>\n\t\t\t\t\t<\/div>\n\t\t\t\t<\/div>\n\t\t<div class=\"elementor-element elementor-element-ce16ca9 e-flex e-con-boxed e-con e-parent\" data-id=\"ce16ca9\" data-element_type=\"container\" data-e-type=\"container\">\n\t\t\t\t\t<div class=\"e-con-inner\">\n\t\t<div class=\"elementor-element elementor-element-c3493f2 e-con-full e-flex e-con e-child\" data-id=\"c3493f2\" data-element_type=\"container\" data-e-type=\"container\">\n\t\t\t\t<div class=\"elementor-element elementor-element-81d9dcb elementor-widget elementor-widget-heading\" data-id=\"81d9dcb\" data-element_type=\"widget\" data-e-type=\"widget\" data-widget_type=\"heading.default\">\n\t\t\t\t<div class=\"elementor-widget-container\">\n\t\t\t\t\t<h2 class=\"elementor-heading-title elementor-size-default\"><!-- x-tinymce\/html -->Ekonomick\u00e1 univerzita v Katovic\u00edch<\/h2>\t\t\t\t<\/div>\n\t\t\t\t<\/div>\n\t\t<div class=\"elementor-element elementor-element-b539281 e-con-full e-flex e-con e-child\" data-id=\"b539281\" data-element_type=\"container\" data-e-type=\"container\">\n\t\t<div class=\"elementor-element elementor-element-4fc92f2 e-con-full e-flex e-con e-child\" data-id=\"4fc92f2\" data-element_type=\"container\" data-e-type=\"container\">\n\t\t\t\t<div class=\"elementor-element elementor-element-fae4cf2 elementor-widget elementor-widget-image\" data-id=\"fae4cf2\" data-element_type=\"widget\" data-e-type=\"widget\" data-widget_type=\"image.default\">\n\t\t\t\t<div class=\"elementor-widget-container\">\n\t\t\t\t\t\t\t\t\t\t\t\t\t\t\t<img fetchpriority=\"high\" decoding=\"async\" width=\"1275\" height=\"566\" src=\"https:\/\/silwers.ue.katowice.pl\/wp-content\/uploads\/2025\/05\/wersja_podstawowowa_EN_Logo_UE_Katowice_RGB-e1758027616832.png\" class=\"attachment-full size-full wp-image-1161\" alt=\"\" srcset=\"https:\/\/silwers.ue.katowice.pl\/wp-content\/uploads\/2025\/05\/wersja_podstawowowa_EN_Logo_UE_Katowice_RGB-e1758027616832.png 1275w, https:\/\/silwers.ue.katowice.pl\/wp-content\/uploads\/2025\/05\/wersja_podstawowowa_EN_Logo_UE_Katowice_RGB-e1758027616832-300x133.png 300w, https:\/\/silwers.ue.katowice.pl\/wp-content\/uploads\/2025\/05\/wersja_podstawowowa_EN_Logo_UE_Katowice_RGB-e1758027616832-1024x455.png 1024w, https:\/\/silwers.ue.katowice.pl\/wp-content\/uploads\/2025\/05\/wersja_podstawowowa_EN_Logo_UE_Katowice_RGB-e1758027616832-768x341.png 768w\" sizes=\"(max-width: 1275px) 100vw, 1275px\" \/>\t\t\t\t\t\t\t\t\t\t\t\t\t\t\t<\/div>\n\t\t\t\t<\/div>\n\t\t\t\t<\/div>\n\t\t<div class=\"elementor-element elementor-element-9340cbf e-con-full e-flex e-con e-child\" data-id=\"9340cbf\" data-element_type=\"container\" data-e-type=\"container\">\n\t\t\t\t<div class=\"elementor-element elementor-element-61d66e4 elementor-widget elementor-widget-text-editor\" data-id=\"61d66e4\" data-element_type=\"widget\" data-e-type=\"widget\" data-widget_type=\"text-editor.default\">\n\t\t\t\t<div class=\"elementor-widget-container\">\n\t\t\t\t\t\t\t\t\t<p>Ekonomick\u00e1 univerzita v Katovic\u00edch je koordin\u00e1torem projektu SILWERS a kompeten\u010dn\u00edm centrem v oblasti ekonomie, managementu a digit\u00e1ln\u00edho vzd\u011bl\u00e1v\u00e1n\u00ed. Vysok\u00e1 \u0161kola vede projektov\u00e9 pr\u00e1ce, koordinuje partnery a odpov\u00edd\u00e1 za \u0161\u00ed\u0159en\u00ed v\u00fdsledk\u016f a integraci v\u00fdsledk\u016f v\u00fdzkumu do vzd\u011bl\u00e1vac\u00ed praxe. D\u00edky siln\u00fdm vazb\u00e1m na podnikatelsk\u00e9 a ve\u0159ejn\u00e9 prost\u0159ed\u00ed zaji\u0161\u0165uje UE Katowice projektu p\u0159\u00edstup k s\u00edt\u00edm spolupr\u00e1ce, pilotn\u00edm test\u016fm a mechanism\u016fm implementace.<\/p>\t\t\t\t\t\t\t\t<\/div>\n\t\t\t\t<\/div>\n\t\t\t\t<\/div>\n\t\t\t\t<\/div>\n\t\t\t\t<\/div>\n\t\t<div class=\"elementor-element elementor-element-961ca27 e-con-full e-flex e-con e-child\" data-id=\"961ca27\" data-element_type=\"container\" data-e-type=\"container\">\n\t\t\t\t<div class=\"elementor-element elementor-element-ec05b84 elementor-widget elementor-widget-heading\" data-id=\"ec05b84\" data-element_type=\"widget\" data-e-type=\"widget\" data-widget_type=\"heading.default\">\n\t\t\t\t<div class=\"elementor-widget-container\">\n\t\t\t\t\t<h2 class=\"elementor-heading-title elementor-size-default\">H\u00e1sk\u00f3linn \u00e1 Akureyri<\/h2>\t\t\t\t<\/div>\n\t\t\t\t<\/div>\n\t\t<div class=\"elementor-element elementor-element-80aa71d e-con-full e-flex e-con e-child\" data-id=\"80aa71d\" data-element_type=\"container\" data-e-type=\"container\">\n\t\t<div class=\"elementor-element elementor-element-d25c75a e-con-full e-flex e-con e-child\" data-id=\"d25c75a\" data-element_type=\"container\" data-e-type=\"container\">\n\t\t\t\t<div class=\"elementor-element elementor-element-9beb5bb elementor-widget elementor-widget-image\" data-id=\"9beb5bb\" data-element_type=\"widget\" data-e-type=\"widget\" data-widget_type=\"image.default\">\n\t\t\t\t<div class=\"elementor-widget-container\">\n\t\t\t\t\t\t\t\t\t\t\t\t\t\t\t<img decoding=\"async\" width=\"1200\" height=\"300\" src=\"https:\/\/silwers.ue.katowice.pl\/wp-content\/uploads\/2025\/09\/Haskolinn_a_Akureyri_logo.png\" class=\"attachment-full size-full wp-image-1773\" alt=\"\" srcset=\"https:\/\/silwers.ue.katowice.pl\/wp-content\/uploads\/2025\/09\/Haskolinn_a_Akureyri_logo.png 1200w, https:\/\/silwers.ue.katowice.pl\/wp-content\/uploads\/2025\/09\/Haskolinn_a_Akureyri_logo-300x75.png 300w, https:\/\/silwers.ue.katowice.pl\/wp-content\/uploads\/2025\/09\/Haskolinn_a_Akureyri_logo-1024x256.png 1024w, https:\/\/silwers.ue.katowice.pl\/wp-content\/uploads\/2025\/09\/Haskolinn_a_Akureyri_logo-768x192.png 768w\" sizes=\"(max-width: 1200px) 100vw, 1200px\" \/>\t\t\t\t\t\t\t\t\t\t\t\t\t\t\t<\/div>\n\t\t\t\t<\/div>\n\t\t\t\t<\/div>\n\t\t<div class=\"elementor-element elementor-element-c22b60b e-con-full e-flex e-con e-child\" data-id=\"c22b60b\" data-element_type=\"container\" data-e-type=\"container\">\n\t\t\t\t<div class=\"elementor-element elementor-element-a4fd607 elementor-widget elementor-widget-text-editor\" data-id=\"a4fd607\" data-element_type=\"widget\" data-e-type=\"widget\" data-widget_type=\"text-editor.default\">\n\t\t\t\t<div class=\"elementor-widget-container\">\n\t\t\t\t\t\t\t\t\t<p>\u2014 Univerzita v Akureyri \u2014 je dynamick\u00e1 akademick\u00e1 instituce se siln\u00fdm zam\u011b\u0159en\u00edm na interdisciplin\u00e1rn\u00ed v\u00fdzkum a vzd\u011bl\u00e1v\u00e1n\u00ed orientovan\u00e9 na m\u00edstn\u00ed a arktick\u00e9 v\u00fdzvy. V r\u00e1mci projektu SILWERS je univerzita zodpov\u011bdn\u00e1 za prov\u00e1d\u011bn\u00ed v\u00fdzkumu, p\u0159\u00edpravu v\u011bdeck\u00fdch materi\u00e1l\u016f a hodnocen\u00ed vzd\u011bl\u00e1vac\u00edch aktivit. T\u00fdm H\u00e1sk\u00f3linn p\u0159in\u00e1\u0161\u00ed zku\u0161enosti v oblasti soci\u00e1ln\u00edho v\u00fdzkumu, anal\u00fdzy ve\u0159ejn\u00fdch politik a zav\u00e1d\u011bn\u00ed vzd\u011bl\u00e1vac\u00edch program\u016f p\u0159izp\u016fsoben\u00fdch specifick\u00fdm pot\u0159eb\u00e1m severn\u00edch region\u016f.<\/p>\t\t\t\t\t\t\t\t<\/div>\n\t\t\t\t<\/div>\n\t\t\t\t<\/div>\n\t\t\t\t<\/div>\n\t\t\t\t<\/div>\n\t\t<div class=\"elementor-element elementor-element-4d5bfa8 e-con-full e-flex e-con e-child\" data-id=\"4d5bfa8\" data-element_type=\"container\" data-e-type=\"container\">\n\t\t\t\t<div class=\"elementor-element elementor-element-fb9f628 elementor-widget elementor-widget-heading\" data-id=\"fb9f628\" data-element_type=\"widget\" data-e-type=\"widget\" data-widget_type=\"heading.default\">\n\t\t\t\t<div class=\"elementor-widget-container\">\n\t\t\t\t\t<h2 class=\"elementor-heading-title elementor-size-default\">TSecurity ehf<\/h2>\t\t\t\t<\/div>\n\t\t\t\t<\/div>\n\t\t<div class=\"elementor-element elementor-element-90890fd e-con-full e-flex e-con e-child\" data-id=\"90890fd\" data-element_type=\"container\" data-e-type=\"container\">\n\t\t<div class=\"elementor-element elementor-element-d4053c3 e-con-full e-flex e-con e-child\" data-id=\"d4053c3\" data-element_type=\"container\" data-e-type=\"container\">\n\t\t\t\t<div class=\"elementor-element elementor-element-d37351e elementor-widget elementor-widget-image\" data-id=\"d37351e\" data-element_type=\"widget\" data-e-type=\"widget\" data-widget_type=\"image.default\">\n\t\t\t\t<div class=\"elementor-widget-container\">\n\t\t\t\t\t\t\t\t\t\t\t\t\t\t\t<img decoding=\"async\" width=\"790\" height=\"112\" src=\"https:\/\/silwers.ue.katowice.pl\/wp-content\/uploads\/2025\/05\/SecureIT-logo-Main.png\" class=\"attachment-large size-large wp-image-1159\" alt=\"\" srcset=\"https:\/\/silwers.ue.katowice.pl\/wp-content\/uploads\/2025\/05\/SecureIT-logo-Main.png 790w, https:\/\/silwers.ue.katowice.pl\/wp-content\/uploads\/2025\/05\/SecureIT-logo-Main-300x43.png 300w, https:\/\/silwers.ue.katowice.pl\/wp-content\/uploads\/2025\/05\/SecureIT-logo-Main-768x109.png 768w\" sizes=\"(max-width: 790px) 100vw, 790px\" \/>\t\t\t\t\t\t\t\t\t\t\t\t\t\t\t<\/div>\n\t\t\t\t<\/div>\n\t\t\t\t<\/div>\n\t\t<div class=\"elementor-element elementor-element-013017b e-con-full e-flex e-con e-child\" data-id=\"013017b\" data-element_type=\"container\" data-e-type=\"container\">\n\t\t\t\t<div class=\"elementor-element elementor-element-55867bc elementor-widget elementor-widget-text-editor\" data-id=\"55867bc\" data-element_type=\"widget\" data-e-type=\"widget\" data-widget_type=\"text-editor.default\">\n\t\t\t\t<div class=\"elementor-widget-container\">\n\t\t\t\t\t\t\t\t\t<p>TSecurity ehf je islandsk\u00e1 technologick\u00e1 spole\u010dnost zam\u011b\u0159en\u00e1 na digit\u00e1ln\u00ed bezpe\u010dnost, IT infrastrukturu a \u0159e\u0161en\u00ed pro sektor vzd\u011bl\u00e1v\u00e1n\u00ed. V r\u00e1mci projektu SILWERS zaji\u0161\u0165uje TSecurity technickou podporu, v\u00fdvoj a zabezpe\u010den\u00ed online platformy a poradenstv\u00ed v oblasti ochrany soukrom\u00ed a osobn\u00edch \u00fadaj\u016f. Jejich role je kl\u00ed\u010dov\u00e1 pro bezpe\u010dn\u00e9 zaveden\u00ed digit\u00e1ln\u00edch n\u00e1stroj\u016f a dodr\u017eov\u00e1n\u00ed osv\u011bd\u010den\u00fdch postup\u016f v oblasti informa\u010dn\u00ed bezpe\u010dnosti.<\/p>\t\t\t\t\t\t\t\t<\/div>\n\t\t\t\t<\/div>\n\t\t\t\t<\/div>\n\t\t\t\t<\/div>\n\t\t\t\t<\/div>\n\t\t<div class=\"elementor-element elementor-element-1eb6741 e-con-full e-flex e-con e-child\" data-id=\"1eb6741\" data-element_type=\"container\" data-e-type=\"container\">\n\t\t\t\t<div class=\"elementor-element elementor-element-fca2b30 elementor-widget elementor-widget-heading\" data-id=\"fca2b30\" data-element_type=\"widget\" data-e-type=\"widget\" data-widget_type=\"heading.default\">\n\t\t\t\t<div class=\"elementor-widget-container\">\n\t\t\t\t\t<h2 class=\"elementor-heading-title elementor-size-default\">Vzdelavaci centrum Hello s.r.o.<\/h2>\t\t\t\t<\/div>\n\t\t\t\t<\/div>\n\t\t<div class=\"elementor-element elementor-element-4b1ce07 e-con-full e-flex e-con e-child\" data-id=\"4b1ce07\" data-element_type=\"container\" data-e-type=\"container\">\n\t\t<div class=\"elementor-element elementor-element-4af33af e-con-full e-flex e-con e-child\" data-id=\"4af33af\" data-element_type=\"container\" data-e-type=\"container\">\n\t\t\t\t<div class=\"elementor-element elementor-element-7793dec elementor-widget elementor-widget-image\" data-id=\"7793dec\" data-element_type=\"widget\" data-e-type=\"widget\" data-widget_type=\"image.default\">\n\t\t\t\t<div class=\"elementor-widget-container\">\n\t\t\t\t\t\t\t\t\t\t\t\t\t\t\t<img loading=\"lazy\" decoding=\"async\" width=\"230\" height=\"160\" src=\"https:\/\/silwers.ue.katowice.pl\/wp-content\/uploads\/2025\/05\/hello_brand_NEW20.png\" class=\"attachment-large size-large wp-image-1157\" alt=\"\" \/>\t\t\t\t\t\t\t\t\t\t\t\t\t\t\t<\/div>\n\t\t\t\t<\/div>\n\t\t\t\t<\/div>\n\t\t<div class=\"elementor-element elementor-element-a9e324c e-con-full e-flex e-con e-child\" data-id=\"a9e324c\" data-element_type=\"container\" data-e-type=\"container\">\n\t\t\t\t<div class=\"elementor-element elementor-element-4615774 elementor-widget elementor-widget-text-editor\" data-id=\"4615774\" data-element_type=\"widget\" data-e-type=\"widget\" data-widget_type=\"text-editor.default\">\n\t\t\t\t<div class=\"elementor-widget-container\">\n\t\t\t\t\t\t\t\t\t<p>Vzd\u011bl\u00e1vac\u00ed centrum Hello je \u010desk\u00e9 vzd\u011bl\u00e1vac\u00ed centrum specializuj\u00edc\u00ed se na vzd\u011bl\u00e1v\u00e1n\u00ed dosp\u011bl\u00fdch, odborn\u00e1 \u0161kolen\u00ed a e-learning. V r\u00e1mci projektu SILWERS m\u00e1 na starosti n\u00e1vrh kurz\u016f, p\u0159\u00edpravu \u0161kolic\u00edch materi\u00e1l\u016f a pilotn\u00ed testov\u00e1n\u00ed vzd\u011bl\u00e1vac\u00ed platformy. Hello p\u0159in\u00e1\u0161\u00ed zku\u0161enosti s tvorbou poutav\u00fdch vzd\u011bl\u00e1vac\u00edch program\u016f, audity kvality vzd\u011bl\u00e1v\u00e1n\u00ed a p\u0159izp\u016fsoben\u00edm obsahu pro r\u016fzn\u00e9 c\u00edlov\u00e9 skupiny.<\/p>\t\t\t\t\t\t\t\t<\/div>\n\t\t\t\t<\/div>\n\t\t\t\t<\/div>\n\t\t\t\t<\/div>\n\t\t\t\t<\/div>\n\t\t<div class=\"elementor-element elementor-element-1820ab5 e-con-full e-flex e-con e-child\" data-id=\"1820ab5\" data-element_type=\"container\" data-e-type=\"container\">\n\t\t\t\t<div class=\"elementor-element elementor-element-222897b elementor-widget elementor-widget-heading\" data-id=\"222897b\" data-element_type=\"widget\" data-e-type=\"widget\" data-widget_type=\"heading.default\">\n\t\t\t\t<div class=\"elementor-widget-container\">\n\t\t\t\t\t<h2 class=\"elementor-heading-title elementor-size-default\">Social Cooperative Enterprise Drosostalida<\/h2>\t\t\t\t<\/div>\n\t\t\t\t<\/div>\n\t\t<div class=\"elementor-element elementor-element-bc9a456 e-con-full e-flex e-con e-child\" data-id=\"bc9a456\" data-element_type=\"container\" data-e-type=\"container\">\n\t\t<div class=\"elementor-element elementor-element-a0b4bc0 e-con-full e-flex e-con e-child\" data-id=\"a0b4bc0\" data-element_type=\"container\" data-e-type=\"container\">\n\t\t\t\t<div class=\"elementor-element elementor-element-e052292 elementor-widget elementor-widget-image\" data-id=\"e052292\" data-element_type=\"widget\" data-e-type=\"widget\" data-widget_type=\"image.default\">\n\t\t\t\t<div class=\"elementor-widget-container\">\n\t\t\t\t\t\t\t\t\t\t\t\t\t\t\t<img loading=\"lazy\" decoding=\"async\" width=\"109\" height=\"100\" src=\"https:\/\/silwers.ue.katowice.pl\/wp-content\/uploads\/2025\/05\/dros.gif\" class=\"attachment-full size-full wp-image-1156\" alt=\"\" \/>\t\t\t\t\t\t\t\t\t\t\t\t\t\t\t<\/div>\n\t\t\t\t<\/div>\n\t\t\t\t<\/div>\n\t\t<div class=\"elementor-element elementor-element-ee371ce e-con-full e-flex e-con e-child\" data-id=\"ee371ce\" data-element_type=\"container\" data-e-type=\"container\">\n\t\t\t\t<div class=\"elementor-element elementor-element-b8441f0 elementor-widget elementor-widget-text-editor\" data-id=\"b8441f0\" data-element_type=\"widget\" data-e-type=\"widget\" data-widget_type=\"text-editor.default\">\n\t\t\t\t<div class=\"elementor-widget-container\">\n\t\t\t\t\t\t\t\t\t<p><!-- x-tinymce\/html --><\/p><p>Drosostalida je \u0159eck\u00e1 soci\u00e1ln\u00ed firma, kter\u00e1 se v\u011bnuje soci\u00e1ln\u00ed inkluzi, podpo\u0159e m\u00edstn\u00edch komunit a rozvoji m\u011bkk\u00fdch dovednost\u00ed. V r\u00e1mci projektu SILWERS se Drosostalida pod\u00edl\u00ed na testov\u00e1n\u00ed vzd\u011bl\u00e1vac\u00edch n\u00e1stroj\u016f v m\u00edstn\u00edch komunit\u00e1ch, organizaci workshop\u016f a pr\u00e1ci s c\u00edlov\u00fdmi skupinami (mj. s osobami ohro\u017een\u00fdmi vylou\u010den\u00edm). Tento partner p\u0159in\u00e1\u0161\u00ed praktick\u00e9 zku\u0161enosti s realizac\u00ed soci\u00e1ln\u00edch aktivit a know-how v oblasti spolupr\u00e1ce s nevl\u00e1dn\u00edmi organizacemi a m\u00edstn\u00edmi institucemi.<\/p>\t\t\t\t\t\t\t\t<\/div>\n\t\t\t\t<\/div>\n\t\t\t\t<\/div>\n\t\t\t\t<\/div>\n\t\t\t\t<\/div>\n\t\t\t\t\t<\/div>\n\t\t\t\t<\/div>\n\t\t\t\t<\/div>\n\t\t","protected":false},"excerpt":{"rendered":"<p>Partne\u0159i Ekonomick\u00e1 univerzita v Katovic\u00edch Ekonomick\u00e1 univerzita v Katovic\u00edch je koordin\u00e1torem projektu SILWERS a kompeten\u010dn\u00edm centrem v oblasti<\/p>\n","protected":false},"author":2,"featured_media":0,"parent":0,"menu_order":0,"comment_status":"closed","ping_status":"closed","template":"elementor_header_footer","meta":{"_tutorstarter_page_metadata":[],"footnotes":""},"class_list":["post-4027","page","type-page","status-publish","hentry"],"_links":{"self":[{"href":"https:\/\/silwers.ue.katowice.pl\/cs\/wp-json\/wp\/v2\/pages\/4027","targetHints":{"allow":["GET"]}}],"collection":[{"href":"https:\/\/silwers.ue.katowice.pl\/cs\/wp-json\/wp\/v2\/pages"}],"about":[{"href":"https:\/\/silwers.ue.katowice.pl\/cs\/wp-json\/wp\/v2\/types\/page"}],"author":[{"embeddable":true,"href":"https:\/\/silwers.ue.katowice.pl\/cs\/wp-json\/wp\/v2\/users\/2"}],"replies":[{"embeddable":true,"href":"https:\/\/silwers.ue.katowice.pl\/cs\/wp-json\/wp\/v2\/comments?post=4027"}],"version-history":[{"count":6,"href":"https:\/\/silwers.ue.katowice.pl\/cs\/wp-json\/wp\/v2\/pages\/4027\/revisions"}],"predecessor-version":[{"id":4061,"href":"https:\/\/silwers.ue.katowice.pl\/cs\/wp-json\/wp\/v2\/pages\/4027\/revisions\/4061"}],"wp:attachment":[{"href":"https:\/\/silwers.ue.katowice.pl\/cs\/wp-json\/wp\/v2\/media?parent=4027"}],"curies":[{"name":"wp","href":"https:\/\/api.w.org\/{rel}","templated":true}]}}