{"id":4007,"date":"2025-09-08T12:22:28","date_gmt":"2025-09-08T10:22:28","guid":{"rendered":"https:\/\/silwers.ue.katowice.pl\/%cf%83%cf%87%ce%b5%cf%84%ce%b9%ce%ba%ce%ac-%ce%bc%ce%b5-%cf%84%ce%bf-%ce%ad%cf%81%ce%b3%ce%bf\/"},"modified":"2026-04-19T20:05:52","modified_gmt":"2026-04-19T18:05:52","slug":"%cf%83%cf%87%ce%b5%cf%84%ce%b9%ce%ba%ce%ac-%ce%bc%ce%b5-%cf%84%ce%bf-%ce%ad%cf%81%ce%b3%ce%bf","status":"publish","type":"page","link":"https:\/\/silwers.ue.katowice.pl\/el\/%cf%83%cf%87%ce%b5%cf%84%ce%b9%ce%ba%ce%ac-%ce%bc%ce%b5-%cf%84%ce%bf-%ce%ad%cf%81%ce%b3%ce%bf\/","title":{"rendered":"\u03a3\u03c7\u03b5\u03c4\u03b9\u03ba\u03ac \u03bc\u03b5 \u03c4\u03bf \u03ad\u03c1\u03b3\u03bf"},"content":{"rendered":"\t\t<div data-elementor-type=\"wp-page\" data-elementor-id=\"4007\" class=\"elementor elementor-4007\" data-elementor-post-type=\"page\">\n\t\t\t\t<div class=\"elementor-element elementor-element-3a6083f e-flex e-con-boxed e-con e-parent\" data-id=\"3a6083f\" data-element_type=\"container\" data-e-type=\"container\" data-settings=\"{&quot;background_background&quot;:&quot;classic&quot;}\">\n\t\t\t\t\t<div class=\"e-con-inner\">\n\t\t\t\t<div class=\"elementor-element elementor-element-5c0802b elementor-widget elementor-widget-heading\" data-id=\"5c0802b\" data-element_type=\"widget\" data-e-type=\"widget\" data-widget_type=\"heading.default\">\n\t\t\t\t<div class=\"elementor-widget-container\">\n\t\t\t\t\t<h2 class=\"elementor-heading-title elementor-size-default\"><b>\u03a3\u03c7\u03b5\u03c4\u03b9\u03ba\u03ac \u03bc\u03b5 \u03c4\u03bf \u03ad\u03c1\u03b3\u03bf<\/b><\/h2>\t\t\t\t<\/div>\n\t\t\t\t<\/div>\n\t\t\t\t\t<\/div>\n\t\t\t\t<\/div>\n\t\t<div class=\"elementor-element elementor-element-e4609f2 e-flex e-con-boxed e-con e-parent\" data-id=\"e4609f2\" data-element_type=\"container\" data-e-type=\"container\">\n\t\t\t\t\t<div class=\"e-con-inner\">\n\t\t\t\t<div class=\"elementor-element elementor-element-860a19d elementor-widget elementor-widget-text-editor\" data-id=\"860a19d\" data-element_type=\"widget\" data-e-type=\"widget\" data-widget_type=\"text-editor.default\">\n\t\t\t\t<div class=\"elementor-widget-container\">\n\t\t\t\t\t\t\t\t\t<p data-start=\"209\" data-end=\"739\">\u03a4\u03bf SILWERS (Seniors Artificial Intelligence Learning \u2013 Well Educated and Risk Secure) \u03b5\u03af\u03bd\u03b1\u03b9 \u03ad\u03bd\u03b1 \u03c4\u03c1\u03b9\u03b5\u03c4\u03ad\u03c2 \u03c0\u03c1\u03cc\u03b3\u03c1\u03b1\u03bc\u03bc\u03b1 \u03c0\u03bf\u03c5 \u03c5\u03bb\u03bf\u03c0\u03bf\u03b9\u03b5\u03af\u03c4\u03b1\u03b9 \u03b1\u03c0\u03cc \u03c4\u03bf\u03bd \u039d\u03bf\u03ad\u03bc\u03b2\u03c1\u03b9\u03bf \u03c4\u03bf\u03c5 2024, \u03bc\u03b5 \u03c3\u03c4\u03cc\u03c7\u03bf \u03c4\u03b7\u03bd \u03c5\u03c0\u03bf\u03c3\u03c4\u03ae\u03c1\u03b9\u03be\u03b7 \u03c4\u03c9\u03bd \u03b7\u03bb\u03b9\u03ba\u03b9\u03c9\u03bc\u03ad\u03bd\u03c9\u03bd \u03c3\u03c4\u03b7\u03bd \u03b1\u03bd\u03ac\u03c0\u03c4\u03c5\u03be\u03b7 \u03b4\u03b5\u03be\u03b9\u03bf\u03c4\u03ae\u03c4\u03c9\u03bd \u03c0\u03bf\u03c5 \u03c3\u03c7\u03b5\u03c4\u03af\u03b6\u03bf\u03bd\u03c4\u03b1\u03b9 \u03bc\u03b5 \u03c4\u03b7\u03bd \u03c4\u03b5\u03c7\u03bd\u03b7\u03c4\u03ae \u03bd\u03bf\u03b7\u03bc\u03bf\u03c3\u03cd\u03bd\u03b7, \u03ba\u03b1\u03b8\u03ce\u03c2 \u03ba\u03b1\u03b9 \u03c4\u03b7\u03bd \u03b5\u03bd\u03af\u03c3\u03c7\u03c5\u03c3\u03b7 \u03c4\u03b7\u03c2 \u03b1\u03bd\u03b8\u03b5\u03ba\u03c4\u03b9\u03ba\u03cc\u03c4\u03b7\u03c4\u03ac\u03c2 \u03c4\u03bf\u03c5\u03c2 \u03b1\u03c0\u03ad\u03bd\u03b1\u03bd\u03c4\u03b9 \u03c3\u03c4\u03bf\u03c5\u03c2 \u03c8\u03b7\u03c6\u03b9\u03b1\u03ba\u03bf\u03cd\u03c2 \u03ba\u03b9\u03bd\u03b4\u03cd\u03bd\u03bf\u03c5\u03c2. \u03a4\u03bf \u03c0\u03c1\u03cc\u03b3\u03c1\u03b1\u03bc\u03bc\u03b1 \u03b1\u03bd\u03c4\u03b1\u03c0\u03bf\u03ba\u03c1\u03af\u03bd\u03b5\u03c4\u03b1\u03b9 \u03c3\u03c4\u03b9\u03c2 \u03b1\u03c5\u03be\u03b1\u03bd\u03cc\u03bc\u03b5\u03bd\u03b5\u03c2 \u03c0\u03c1\u03bf\u03ba\u03bb\u03ae\u03c3\u03b5\u03b9\u03c2 \u03c0\u03bf\u03c5 \u03c3\u03c5\u03bd\u03b4\u03ad\u03bf\u03bd\u03c4\u03b1\u03b9 \u03bc\u03b5 \u03c4\u03b7\u03bd \u03c8\u03b7\u03c6\u03b9\u03bf\u03c0\u03bf\u03af\u03b7\u03c3\u03b7 \u03ba\u03b1\u03b9 \u03c4\u03b7\u03bd \u03b1\u03bd\u03ac\u03c0\u03c4\u03c5\u03be\u03b7 \u03c4\u03b7\u03c2 \u03c4\u03b5\u03c7\u03bd\u03b7\u03c4\u03ae\u03c2 \u03bd\u03bf\u03b7\u03bc\u03bf\u03c3\u03cd\u03bd\u03b7\u03c2, \u03b4\u03af\u03bd\u03bf\u03bd\u03c4\u03b1\u03c2 \u03ad\u03bc\u03c6\u03b1\u03c3\u03b7 \u03c3\u03c4\u03b7\u03bd \u03c8\u03b7\u03c6\u03b9\u03b1\u03ba\u03ae \u03ad\u03bd\u03c4\u03b1\u03be\u03b7 \u03c4\u03c9\u03bd \u03b7\u03bb\u03b9\u03ba\u03b9\u03c9\u03bc\u03ad\u03bd\u03c9\u03bd \u03ba\u03b1\u03b9 \u03c3\u03c4\u03b7\u03bd \u03b5\u03ba\u03c0\u03b1\u03af\u03b4\u03b5\u03c5\u03c3\u03b7 \u03c3\u03c4\u03bf\u03bd \u03c4\u03bf\u03bc\u03ad\u03b1 \u03c4\u03b7\u03c2 \u03b1\u03c3\u03c6\u03ac\u03bb\u03b5\u03b9\u03b1\u03c2 \u03c3\u03c4\u03bf \u03b4\u03b9\u03b1\u03b4\u03af\u03ba\u03c4\u03c5\u03bf.<\/p>\t\t\t\t\t\t\t\t<\/div>\n\t\t\t\t<\/div>\n\t\t\t\t\t<\/div>\n\t\t\t\t<\/div>\n\t\t<div class=\"elementor-element elementor-element-b0817b0 e-flex e-con-boxed e-con e-parent\" data-id=\"b0817b0\" data-element_type=\"container\" data-e-type=\"container\">\n\t\t\t\t\t<div class=\"e-con-inner\">\n\t\t<div class=\"elementor-element elementor-element-54e3be1 e-con-full e-flex e-con e-child\" data-id=\"54e3be1\" data-element_type=\"container\" data-e-type=\"container\">\n\t\t\t\t<div class=\"elementor-element elementor-element-4db4714 elementor-widget elementor-widget-image\" data-id=\"4db4714\" data-element_type=\"widget\" data-e-type=\"widget\" data-widget_type=\"image.default\">\n\t\t\t\t<div class=\"elementor-widget-container\">\n\t\t\t\t\t\t\t\t\t\t\t\t\t\t\t<img fetchpriority=\"high\" decoding=\"async\" width=\"800\" height=\"800\" src=\"https:\/\/silwers.ue.katowice.pl\/wp-content\/uploads\/2025\/05\/silwers-logo-white-bg-800x800-1.png\" class=\"attachment-large size-large wp-image-35\" alt=\"\" srcset=\"https:\/\/silwers.ue.katowice.pl\/wp-content\/uploads\/2025\/05\/silwers-logo-white-bg-800x800-1.png 800w, https:\/\/silwers.ue.katowice.pl\/wp-content\/uploads\/2025\/05\/silwers-logo-white-bg-800x800-1-300x300.png 300w, https:\/\/silwers.ue.katowice.pl\/wp-content\/uploads\/2025\/05\/silwers-logo-white-bg-800x800-1-150x150.png 150w, https:\/\/silwers.ue.katowice.pl\/wp-content\/uploads\/2025\/05\/silwers-logo-white-bg-800x800-1-768x768.png 768w\" sizes=\"(max-width: 800px) 100vw, 800px\" \/>\t\t\t\t\t\t\t\t\t\t\t\t\t\t\t<\/div>\n\t\t\t\t<\/div>\n\t\t\t\t<\/div>\n\t\t<div class=\"elementor-element elementor-element-76518f2 e-con-full e-flex e-con e-child\" data-id=\"76518f2\" data-element_type=\"container\" data-e-type=\"container\">\n\t\t\t\t<div class=\"elementor-element elementor-element-9c71316 elementor-widget elementor-widget-text-editor\" data-id=\"9c71316\" data-element_type=\"widget\" data-e-type=\"widget\" data-widget_type=\"text-editor.default\">\n\t\t\t\t<div class=\"elementor-widget-container\">\n\t\t\t\t\t\t\t\t\t<p>\u03a3\u03c4\u03bf \u03c0\u03bb\u03b1\u03af\u03c3\u03b9\u03bf \u03c4\u03bf\u03c5 \u03c0\u03c1\u03bf\u03b3\u03c1\u03ac\u03bc\u03bc\u03b1\u03c4\u03bf\u03c2 \u03c0\u03c1\u03bf\u03b3\u03c1\u03b1\u03bc\u03bc\u03b1\u03c4\u03af\u03b6\u03bf\u03bd\u03c4\u03b1\u03b9 \u03b5\u03ba\u03c0\u03b1\u03b9\u03b4\u03b5\u03c5\u03c4\u03b9\u03ba\u03ad\u03c2 \u03ba\u03b1\u03b9 \u03b5\u03c0\u03b9\u03bc\u03bf\u03c1\u03c6\u03c9\u03c4\u03b9\u03ba\u03ad\u03c2 \u03b4\u03c1\u03ac\u03c3\u03b5\u03b9\u03c2 \u03c0\u03c1\u03bf\u03c3\u03b1\u03c1\u03bc\u03bf\u03c3\u03bc\u03ad\u03bd\u03b5\u03c2 \u03c3\u03c4\u03b9\u03c2 \u03b1\u03bd\u03ac\u03b3\u03ba\u03b5\u03c2 \u03c4\u03c9\u03bd \u03b7\u03bb\u03b9\u03ba\u03b9\u03c9\u03bc\u03ad\u03bd\u03c9\u03bd: \u03b5\u03ba\u03c0\u03b1\u03b9\u03b4\u03b5\u03c5\u03c4\u03b9\u03ba\u03ac \u03bc\u03b1\u03b8\u03ae\u03bc\u03b1\u03c4\u03b1 \u03bc\u03b5 \u03b2\u03b1\u03c3\u03b9\u03ba\u03ad\u03c2 \u03b3\u03bd\u03ce\u03c3\u03b5\u03b9\u03c2 \u03c4\u03b5\u03c7\u03bd\u03b7\u03c4\u03ae\u03c2 \u03bd\u03bf\u03b7\u03bc\u03bf\u03c3\u03cd\u03bd\u03b7\u03c2, \u03c0\u03c1\u03b1\u03ba\u03c4\u03b9\u03ba\u03ac \u03b5\u03c1\u03b3\u03b1\u03c3\u03c4\u03ae\u03c1\u03b9\u03b1, \u03c5\u03bb\u03b9\u03ba\u03cc \u03b7\u03bb\u03b5\u03ba\u03c4\u03c1\u03bf\u03bd\u03b9\u03ba\u03ae\u03c2 \u03bc\u03ac\u03b8\u03b7\u03c3\u03b7\u03c2 \u03ba\u03b1\u03b8\u03ce\u03c2 \u03ba\u03b1\u03b9 \u03b5\u03c1\u03b3\u03b1\u03bb\u03b5\u03af\u03b1 \u03b5\u03c5\u03b1\u03b9\u03c3\u03b8\u03b7\u03c4\u03bf\u03c0\u03bf\u03af\u03b7\u03c3\u03b7\u03c2 \u03c3\u03c4\u03bf\u03bd \u03c4\u03bf\u03bc\u03ad\u03b1 \u03c4\u03b7\u03c2 \u03ba\u03c5\u03b2\u03b5\u03c1\u03bd\u03bf\u03b1\u03c3\u03c6\u03ac\u03bb\u03b5\u03b9\u03b1\u03c2. \u039f\u03b9 \u03b4\u03c1\u03ac\u03c3\u03b5\u03b9\u03c2 \u03b8\u03b1 \u03c3\u03c7\u03b5\u03b4\u03b9\u03b1\u03c3\u03c4\u03bf\u03cd\u03bd \u03bc\u03b5 \u03b3\u03bd\u03ce\u03bc\u03bf\u03bd\u03b1 \u03c4\u03b7\u03bd \u03c0\u03c1\u03bf\u03c3\u03b2\u03b1\u03c3\u03b9\u03bc\u03cc\u03c4\u03b7\u03c4\u03b1, \u03c4\u03b7 \u03c7\u03c1\u03ae\u03c3\u03b7 \u03b1\u03c0\u03bb\u03ae\u03c2 \u03b3\u03bb\u03ce\u03c3\u03c3\u03b1\u03c2 \u03ba\u03b1\u03b9 \u03bc\u03bf\u03c1\u03c6\u03ce\u03bd \u03c0\u03bf\u03c5 \u03b4\u03b9\u03b5\u03c5\u03ba\u03bf\u03bb\u03cd\u03bd\u03bf\u03c5\u03bd \u03c4\u03b7\u03bd \u03b1\u03c5\u03c4\u03bf\u03b4\u03b9\u03b4\u03b1\u03c3\u03ba\u03b1\u03bb\u03af\u03b1 (\u03b4\u03b9\u03b1\u03b4\u03b9\u03ba\u03c4\u03c5\u03b1\u03ba\u03ac \u03bc\u03b1\u03b8\u03ae\u03bc\u03b1\u03c4\u03b1, \u03bf\u03b4\u03b7\u03b3\u03bf\u03cd\u03c2, \u03c3\u03c5\u03bd\u03b5\u03b4\u03c1\u03af\u03b5\u03c2 \u03c5\u03c0\u03bf\u03c3\u03c4\u03ae\u03c1\u03b9\u03be\u03b7\u03c2). \u03a4\u03bf \u03b1\u03bd\u03b1\u03bc\u03b5\u03bd\u03cc\u03bc\u03b5\u03bd\u03bf \u03b1\u03c0\u03bf\u03c4\u03ad\u03bb\u03b5\u03c3\u03bc\u03b1 \u03b5\u03af\u03bd\u03b1\u03b9 \u03b7 \u03b5\u03bd\u03af\u03c3\u03c7\u03c5\u03c3\u03b7 \u03c4\u03c9\u03bd \u03c8\u03b7\u03c6\u03b9\u03b1\u03ba\u03ce\u03bd \u03b4\u03b5\u03be\u03b9\u03bf\u03c4\u03ae\u03c4\u03c9\u03bd \u03c4\u03c9\u03bd \u03c3\u03c5\u03bc\u03bc\u03b5\u03c4\u03b5\u03c7\u03cc\u03bd\u03c4\u03c9\u03bd \u03ba\u03b1\u03b9 \u03b7 \u03b2\u03b5\u03bb\u03c4\u03af\u03c9\u03c3\u03b7 \u03c4\u03b7\u03c2 \u03b1\u03c5\u03c4\u03bf\u03c0\u03b5\u03c0\u03bf\u03af\u03b8\u03b7\u03c3\u03ae\u03c2 \u03c4\u03bf\u03c5\u03c2 \u03cc\u03c3\u03bf\u03bd \u03b1\u03c6\u03bf\u03c1\u03ac \u03c4\u03b7\u03bd \u03b1\u03c3\u03c6\u03b1\u03bb\u03ae \u03c7\u03c1\u03ae\u03c3\u03b7 \u03bb\u03cd\u03c3\u03b5\u03c9\u03bd \u03c0\u03bf\u03c5 \u03b2\u03b1\u03c3\u03af\u03b6\u03bf\u03bd\u03c4\u03b1\u03b9 \u03c3\u03c4\u03b7\u03bd \u03c4\u03b5\u03c7\u03bd\u03b7\u03c4\u03ae \u03bd\u03bf\u03b7\u03bc\u03bf\u03c3\u03cd\u03bd\u03b7.<\/p>\t\t\t\t\t\t\t\t<\/div>\n\t\t\t\t<\/div>\n\t\t\t\t<\/div>\n\t\t\t\t\t<\/div>\n\t\t\t\t<\/div>\n\t\t<div class=\"elementor-element elementor-element-93330ba e-flex e-con-boxed e-con e-parent\" data-id=\"93330ba\" data-element_type=\"container\" data-e-type=\"container\">\n\t\t\t\t\t<div class=\"e-con-inner\">\n\t\t\t\t<div class=\"elementor-element elementor-element-02594c6 elementor-widget elementor-widget-text-editor\" data-id=\"02594c6\" data-element_type=\"widget\" data-e-type=\"widget\" data-widget_type=\"text-editor.default\">\n\t\t\t\t<div class=\"elementor-widget-container\">\n\t\t\t\t\t\t\t\t\t<p>\u03a4\u03bf \u03ad\u03c1\u03b3\u03bf \u03c5\u03bb\u03bf\u03c0\u03bf\u03b9\u03b5\u03af\u03c4\u03b1\u03b9 \u03c3\u03c4\u03bf \u03c0\u03bb\u03b1\u03af\u03c3\u03b9\u03bf \u03bc\u03b9\u03b1\u03c2 \u03b4\u03b9\u03b5\u03b8\u03bd\u03bf\u03cd\u03c2 \u03c3\u03c5\u03bd\u03b5\u03c1\u03b3\u03b1\u03c3\u03af\u03b1\u03c2, \u03bc\u03b5 \u03b5\u03c0\u03b9\u03ba\u03b5\u03c6\u03b1\u03bb\u03ae\u03c2 \u03c4\u03bf H\u00e1sk\u00f3linn \u00e1 Akureyri (\u0399\u03c3\u03bb\u03b1\u03bd\u03b4\u03af\u03b1). \u039f\u03b9 \u03c5\u03c0\u03cc\u03bb\u03bf\u03b9\u03c0\u03bf\u03b9 \u03b5\u03c4\u03b1\u03af\u03c1\u03bf\u03b9 \u03b5\u03af\u03bd\u03b1\u03b9: \u03c4\u03bf \u039f\u03b9\u03ba\u03bf\u03bd\u03bf\u03bc\u03b9\u03ba\u03cc \u03a0\u03b1\u03bd\u03b5\u03c0\u03b9\u03c3\u03c4\u03ae\u03bc\u03b9\u03bf \u03c4\u03bf\u03c5 \u039a\u03b1\u03c4\u03bf\u03b2\u03af\u03c4\u03c3\u03b5, \u03b7 \u039a\u03bf\u03b9\u03bd\u03c9\u03bd\u03b9\u03ba\u03ae \u03a3\u03c5\u03bd\u03b5\u03c4\u03b1\u03b9\u03c1\u03b9\u03c3\u03c4\u03b9\u03ba\u03ae \u0395\u03c0\u03b9\u03c7\u03b5\u03af\u03c1\u03b7\u03c3\u03b7 Drosostalida (\u0395\u03bb\u03bb\u03ac\u03b4\u03b1), \u03c4\u03bf Vzdelavaci centrum Hello s.r.o. (\u03a4\u03c3\u03b5\u03c7\u03af\u03b1) \u03ba\u03b1\u03b9 \u03b7 TSecurity ehf (\u0399\u03c3\u03bb\u03b1\u03bd\u03b4\u03af\u03b1). \u0397 \u03c3\u03c5\u03bd\u03b5\u03c1\u03b3\u03b1\u03c3\u03af\u03b1 \u03b8\u03b1 \u03b5\u03c0\u03b9\u03c4\u03c1\u03ad\u03c8\u03b5\u03b9 \u03c4\u03b7\u03bd \u03b1\u03bd\u03c4\u03b1\u03bb\u03bb\u03b1\u03b3\u03ae \u03b2\u03ad\u03bb\u03c4\u03b9\u03c3\u03c4\u03c9\u03bd \u03c0\u03c1\u03b1\u03ba\u03c4\u03b9\u03ba\u03ce\u03bd, \u03c4\u03b7\u03bd \u03b1\u03c0\u03cc \u03ba\u03bf\u03b9\u03bd\u03bf\u03cd \u03b1\u03bd\u03ac\u03c0\u03c4\u03c5\u03be\u03b7 \u03b4\u03b9\u03b4\u03b1\u03ba\u03c4\u03b9\u03ba\u03bf\u03cd \u03c5\u03bb\u03b9\u03ba\u03bf\u03cd \u03ba\u03b1\u03b8\u03ce\u03c2 \u03ba\u03b1\u03b9 \u03c4\u03b7\u03bd \u03c0\u03b9\u03bb\u03bf\u03c4\u03b9\u03ba\u03ae \u03b5\u03c6\u03b1\u03c1\u03bc\u03bf\u03b3\u03ae \u03bb\u03cd\u03c3\u03b5\u03c9\u03bd \u03c3\u03b5 \u03b4\u03b9\u03ac\u03c6\u03bf\u03c1\u03b5\u03c2 \u03c7\u03ce\u03c1\u03b5\u03c2-\u03b5\u03c4\u03b1\u03af\u03c1\u03bf\u03c5\u03c2.<\/p><p>\u00a0<\/p><p>\u0397\u03bb\u03b9\u03ba\u03b9\u03c9\u03bc\u03ad\u03bd\u03bf\u03b9 \u03c0\u03bf\u03c5 \u03b5\u03bd\u03b4\u03b9\u03b1\u03c6\u03ad\u03c1\u03bf\u03bd\u03c4\u03b1\u03b9 \u03b3\u03b9\u03b1 \u03c4\u03b7\u03bd \u03c8\u03b7\u03c6\u03b9\u03bf\u03c0\u03bf\u03af\u03b7\u03c3\u03b7, \u03ba\u03b1\u03b8\u03ce\u03c2 \u03ba\u03b1\u03b9 \u03bf\u03c1\u03b3\u03b1\u03bd\u03ce\u03c3\u03b5\u03b9\u03c2 \u03ba\u03b1\u03b9 \u03c6\u03bf\u03c1\u03b5\u03af\u03c2 \u03c0\u03bf\u03c5 \u03b4\u03c1\u03b1\u03c3\u03c4\u03b7\u03c1\u03b9\u03bf\u03c0\u03bf\u03b9\u03bf\u03cd\u03bd\u03c4\u03b1\u03b9 \u03c3\u03c4\u03bf\u03bd \u03c4\u03bf\u03bc\u03ad\u03b1 \u03c4\u03b7\u03c2 \u03b5\u03ba\u03c0\u03b1\u03af\u03b4\u03b5\u03c5\u03c3\u03b7\u03c2 \u03b5\u03bd\u03b7\u03bb\u03af\u03ba\u03c9\u03bd \u2014 \u03b9\u03b4\u03af\u03c9\u03c2 \u03b5\u03ba\u03b5\u03af\u03bd\u03bf\u03b9 \u03c0\u03bf\u03c5 \u03b5\u03c0\u03b9\u03b8\u03c5\u03bc\u03bf\u03cd\u03bd \u03bd\u03b1 \u03b5\u03bd\u03c3\u03c9\u03bc\u03b1\u03c4\u03ce\u03c3\u03bf\u03c5\u03bd \u03c3\u03c4\u03bf\u03b9\u03c7\u03b5\u03af\u03b1 \u03b4\u03b9\u03b4\u03b1\u03c3\u03ba\u03b1\u03bb\u03af\u03b1\u03c2 \u03c3\u03c7\u03b5\u03c4\u03b9\u03ba\u03ac \u03bc\u03b5 \u03c4\u03b7\u03bd \u03c4\u03b5\u03c7\u03bd\u03b7\u03c4\u03ae \u03bd\u03bf\u03b7\u03bc\u03bf\u03c3\u03cd\u03bd\u03b7 \u03ba\u03b1\u03b9 \u03c4\u03b7\u03bd \u03c8\u03b7\u03c6\u03b9\u03b1\u03ba\u03ae \u03b1\u03c3\u03c6\u03ac\u03bb\u03b5\u03b9\u03b1 \u03c3\u03c4\u03bf \u03b5\u03ba\u03c0\u03b1\u03b9\u03b4\u03b5\u03c5\u03c4\u03b9\u03ba\u03cc \u03c4\u03bf\u03c5\u03c2 \u03c0\u03c1\u03cc\u03b3\u03c1\u03b1\u03bc\u03bc\u03b1. \u03a4\u03bf \u03c0\u03c1\u03cc\u03b3\u03c1\u03b1\u03bc\u03bc\u03b1 \u03c0\u03c1\u03bf\u03b2\u03bb\u03ad\u03c0\u03b5\u03b9 \u03b5\u03c0\u03af\u03c3\u03b7\u03c2 \u03b4\u03c1\u03ac\u03c3\u03b5\u03b9\u03c2 \u03b3\u03b9\u03b1 \u03c4\u03b7 \u03b4\u03b9\u03ac\u03b4\u03bf\u03c3\u03b7 \u03c4\u03c9\u03bd \u03b1\u03c0\u03bf\u03c4\u03b5\u03bb\u03b5\u03c3\u03bc\u03ac\u03c4\u03c9\u03bd (\u03b4\u03b9\u03b1\u03b4\u03b9\u03ba\u03c4\u03c5\u03b1\u03ba\u03ac \u03c3\u03b5\u03bc\u03b9\u03bd\u03ac\u03c1\u03b9\u03b1, \u03b5\u03ba\u03b4\u03cc\u03c3\u03b5\u03b9\u03c2, \u03b5\u03c1\u03b3\u03b1\u03bb\u03b5\u03b9\u03bf\u03b8\u03ae\u03ba\u03b7), \u03ce\u03c3\u03c4\u03b5 \u03c4\u03bf \u03c5\u03bb\u03b9\u03ba\u03cc \u03bd\u03b1 \u03b5\u03af\u03bd\u03b1\u03b9 \u03c0\u03c1\u03bf\u03c3\u03b2\u03ac\u03c3\u03b9\u03bc\u03bf \u03c3\u03b5 \u03ad\u03bd\u03b1 \u03b5\u03c5\u03c1\u03cd \u03ba\u03bf\u03b9\u03bd\u03cc.<\/p>\t\t\t\t\t\t\t\t<\/div>\n\t\t\t\t<\/div>\n\t\t\t\t<div class=\"elementor-element elementor-element-b1987f4 elementor-widget elementor-widget-text-editor\" data-id=\"b1987f4\" data-element_type=\"widget\" data-e-type=\"widget\" data-widget_type=\"text-editor.default\">\n\t\t\t\t<div class=\"elementor-widget-container\">\n\t\t\t\t\t\t\t\t\t<p><strong><span class=\"sc-jXbUNg hlefgy AT-ate-chip--compact ate-chip--marker ate-chip--strong ate-chip ate-chip--compact marker-hovering\" data-segment=\"gid_0\" data-type=\"g\"><span class=\"sc-imWYAI hXteRa\">\u03a4\u03bf \u03ad\u03c1\u03b3\u03bf \u03c7\u03c1\u03b7\u03bc\u03b1\u03c4\u03bf\u03b4\u03bf\u03c4\u03b5\u03af\u03c4\u03b1\u03b9 \u03b1\u03c0\u03cc \u03c4\u03bf \u03c0\u03c1\u03cc\u03b3\u03c1\u03b1\u03bc\u03bc\u03b1 Erasmus+ KA220-ADU &#8211; \u03a3\u03c5\u03bd\u03b5\u03c1\u03b3\u03b1\u03c3\u03af\u03b5\u03c2 \u03c3\u03c4\u03b7\u03bd \u03b5\u03ba\u03c0\u03b1\u03af\u03b4\u03b5\u03c5\u03c3\u03b7 \u03b5\u03bd\u03b7\u03bb\u03af\u03ba\u03c9\u03bd,<\/span><\/span><\/strong><br \/><strong><span class=\"sc-jXbUNg hlefgy AT-ate-chip--compact ate-chip--marker ate-chip--strong ate-chip ate-chip--compact\" data-segment=\"gid_1\" data-type=\"g\"><span class=\"sc-imWYAI hXteRa\">\u0391\u03c1\u03b9\u03b8\u03bc\u03cc\u03c2 \u03ad\u03c1\u03b3\u03bf\u03c5:<\/span><\/span><\/strong> 2024-1-IS01-KA220-ADU-000256952<br \/><strong><span class=\"sc-jXbUNg hlefgy AT-ate-chip--compact ate-chip--marker ate-chip--strong  ate-chip ate-chip--compact ate-chip--marker ate-chip--strong\" data-segment=\"gid_2\" data-type=\"g\"><span class=\"sc-imWYAI hXteRa\">\u0394\u03b9\u03ac\u03c1\u03ba\u03b5\u03b9\u03b1:<\/span><\/span><\/strong> 1 \u039d\u03bf\u03b5\u03bc\u03b2\u03c1\u03af\u03bf\u03c5 2024 \u2013 31 \u039f\u03ba\u03c4\u03c9\u03b2\u03c1\u03af\u03bf\u03c5 2027<br \/><strong><span class=\"sc-jXbUNg hlefgy AT-ate-chip--compact ate-chip--marker ate-chip--strong ate-chip ate-chip--compact\" data-segment=\"gid_3\" data-type=\"g\"><span class=\"sc-imWYAI hXteRa\">\u03a0\u03c1\u03bf\u03cb\u03c0\u03bf\u03bb\u03bf\u03b3\u03b9\u03c3\u03bc\u03cc\u03c2 \u03ad\u03c1\u03b3\u03bf\u03c5: <\/span><\/span><\/strong><span class=\"sc-jXbUNg hlefgy AT-ate-chip--compact ate-chip--marker ate-chip--strong ate-chip ate-chip--compact\" data-segment=\"gid_3\" data-type=\"g\"><span class=\"sc-imWYAI hXteRa\">400.000 \u03b5\u03c5\u03c1\u03ce\u00a0<\/span><\/span><\/p>\t\t\t\t\t\t\t\t<\/div>\n\t\t\t\t<\/div>\n\t\t\t\t\t<\/div>\n\t\t\t\t<\/div>\n\t\t\t\t<\/div>\n\t\t","protected":false},"excerpt":{"rendered":"<p>\u03a3\u03c7\u03b5\u03c4\u03b9\u03ba\u03ac \u03bc\u03b5 \u03c4\u03bf \u03ad\u03c1\u03b3\u03bf \u03a4\u03bf SILWERS (Seniors Artificial Intelligence Learning \u2013 Well Educated and Risk Secure) \u03b5\u03af\u03bd\u03b1\u03b9 \u03ad\u03bd\u03b1<\/p>\n","protected":false},"author":2,"featured_media":0,"parent":0,"menu_order":0,"comment_status":"closed","ping_status":"closed","template":"elementor_header_footer","meta":{"_tutorstarter_page_metadata":[],"footnotes":""},"class_list":["post-4007","page","type-page","status-publish","hentry"],"_links":{"self":[{"href":"https:\/\/silwers.ue.katowice.pl\/el\/wp-json\/wp\/v2\/pages\/4007","targetHints":{"allow":["GET"]}}],"collection":[{"href":"https:\/\/silwers.ue.katowice.pl\/el\/wp-json\/wp\/v2\/pages"}],"about":[{"href":"https:\/\/silwers.ue.katowice.pl\/el\/wp-json\/wp\/v2\/types\/page"}],"author":[{"embeddable":true,"href":"https:\/\/silwers.ue.katowice.pl\/el\/wp-json\/wp\/v2\/users\/2"}],"replies":[{"embeddable":true,"href":"https:\/\/silwers.ue.katowice.pl\/el\/wp-json\/wp\/v2\/comments?post=4007"}],"version-history":[{"count":4,"href":"https:\/\/silwers.ue.katowice.pl\/el\/wp-json\/wp\/v2\/pages\/4007\/revisions"}],"predecessor-version":[{"id":4076,"href":"https:\/\/silwers.ue.katowice.pl\/el\/wp-json\/wp\/v2\/pages\/4007\/revisions\/4076"}],"wp:attachment":[{"href":"https:\/\/silwers.ue.katowice.pl\/el\/wp-json\/wp\/v2\/media?parent=4007"}],"curies":[{"name":"wp","href":"https:\/\/api.w.org\/{rel}","templated":true}]}}