{"id":3165,"date":"2025-09-10T20:02:20","date_gmt":"2025-09-10T18:02:20","guid":{"rendered":"https:\/\/silwers.ue.katowice.pl\/partners\/"},"modified":"2026-01-13T13:07:45","modified_gmt":"2026-01-13T12:07:45","slug":"partners","status":"publish","type":"page","link":"https:\/\/silwers.ue.katowice.pl\/en\/partners\/","title":{"rendered":"Partners"},"content":{"rendered":"\t\t<div data-elementor-type=\"wp-page\" data-elementor-id=\"3165\" class=\"elementor elementor-3165\" data-elementor-post-type=\"page\">\n\t\t\t\t<div class=\"elementor-element elementor-element-60c6b0d e-flex e-con-boxed e-con e-parent\" data-id=\"60c6b0d\" data-element_type=\"container\" data-e-type=\"container\" data-settings=\"{&quot;background_background&quot;:&quot;classic&quot;}\">\n\t\t\t\t\t<div class=\"e-con-inner\">\n\t\t\t\t<div class=\"elementor-element elementor-element-f51412c elementor-widget elementor-widget-heading\" data-id=\"f51412c\" data-element_type=\"widget\" data-e-type=\"widget\" data-widget_type=\"heading.default\">\n\t\t\t\t<div class=\"elementor-widget-container\">\n\t\t\t\t\t<h1 class=\"elementor-heading-title elementor-size-default\">Partners<\/h1>\t\t\t\t<\/div>\n\t\t\t\t<\/div>\n\t\t\t\t\t<\/div>\n\t\t\t\t<\/div>\n\t\t<div class=\"elementor-element elementor-element-ce16ca9 e-flex e-con-boxed e-con e-parent\" data-id=\"ce16ca9\" data-element_type=\"container\" data-e-type=\"container\">\n\t\t\t\t\t<div class=\"e-con-inner\">\n\t\t<div class=\"elementor-element elementor-element-c3493f2 e-con-full e-flex e-con e-child\" data-id=\"c3493f2\" data-element_type=\"container\" data-e-type=\"container\">\n\t\t\t\t<div class=\"elementor-element elementor-element-81d9dcb elementor-widget elementor-widget-heading\" data-id=\"81d9dcb\" data-element_type=\"widget\" data-e-type=\"widget\" data-widget_type=\"heading.default\">\n\t\t\t\t<div class=\"elementor-widget-container\">\n\t\t\t\t\t<h2 class=\"elementor-heading-title elementor-size-default\">University of Economics in Katowice<\/h2>\t\t\t\t<\/div>\n\t\t\t\t<\/div>\n\t\t<div class=\"elementor-element elementor-element-b539281 e-con-full e-flex e-con e-child\" data-id=\"b539281\" data-element_type=\"container\" data-e-type=\"container\">\n\t\t<div class=\"elementor-element elementor-element-4fc92f2 e-con-full e-flex e-con e-child\" data-id=\"4fc92f2\" data-element_type=\"container\" data-e-type=\"container\">\n\t\t\t\t<div class=\"elementor-element elementor-element-fae4cf2 elementor-widget elementor-widget-image\" data-id=\"fae4cf2\" data-element_type=\"widget\" data-e-type=\"widget\" data-widget_type=\"image.default\">\n\t\t\t\t<div class=\"elementor-widget-container\">\n\t\t\t\t\t\t\t\t\t\t\t\t\t\t\t<img fetchpriority=\"high\" decoding=\"async\" width=\"1275\" height=\"566\" src=\"https:\/\/silwers.ue.katowice.pl\/wp-content\/uploads\/2025\/05\/wersja_podstawowowa_EN_Logo_UE_Katowice_RGB-e1758027616832.png\" class=\"attachment-full size-full wp-image-1161\" alt=\"\" srcset=\"https:\/\/silwers.ue.katowice.pl\/wp-content\/uploads\/2025\/05\/wersja_podstawowowa_EN_Logo_UE_Katowice_RGB-e1758027616832.png 1275w, https:\/\/silwers.ue.katowice.pl\/wp-content\/uploads\/2025\/05\/wersja_podstawowowa_EN_Logo_UE_Katowice_RGB-e1758027616832-300x133.png 300w, https:\/\/silwers.ue.katowice.pl\/wp-content\/uploads\/2025\/05\/wersja_podstawowowa_EN_Logo_UE_Katowice_RGB-e1758027616832-1024x455.png 1024w, https:\/\/silwers.ue.katowice.pl\/wp-content\/uploads\/2025\/05\/wersja_podstawowowa_EN_Logo_UE_Katowice_RGB-e1758027616832-768x341.png 768w\" sizes=\"(max-width: 1275px) 100vw, 1275px\" \/>\t\t\t\t\t\t\t\t\t\t\t\t\t\t\t<\/div>\n\t\t\t\t<\/div>\n\t\t\t\t<\/div>\n\t\t<div class=\"elementor-element elementor-element-9340cbf e-con-full e-flex e-con e-child\" data-id=\"9340cbf\" data-element_type=\"container\" data-e-type=\"container\">\n\t\t\t\t<div class=\"elementor-element elementor-element-61d66e4 elementor-widget elementor-widget-text-editor\" data-id=\"61d66e4\" data-element_type=\"widget\" data-e-type=\"widget\" data-widget_type=\"text-editor.default\">\n\t\t\t\t<div class=\"elementor-widget-container\">\n\t\t\t\t\t\t\t\t\t<p>University of Economics in Katowice is a project coordinator and a competence center in the fields of economics, management, and digital education. The university manages project tasks, coordinates partners, and is responsible for the dissemination of results and the integration of research findings into educational practice. Thanks to its strong links with the business and public sectors, UE Katowice provides the project with access to cooperation networks, pilot tests, and implementation mechanisms.<\/p>\t\t\t\t\t\t\t\t<\/div>\n\t\t\t\t<\/div>\n\t\t\t\t<\/div>\n\t\t\t\t<\/div>\n\t\t\t\t<\/div>\n\t\t<div class=\"elementor-element elementor-element-961ca27 e-con-full e-flex e-con e-child\" data-id=\"961ca27\" data-element_type=\"container\" data-e-type=\"container\">\n\t\t\t\t<div class=\"elementor-element elementor-element-ec05b84 elementor-widget elementor-widget-heading\" data-id=\"ec05b84\" data-element_type=\"widget\" data-e-type=\"widget\" data-widget_type=\"heading.default\">\n\t\t\t\t<div class=\"elementor-widget-container\">\n\t\t\t\t\t<h2 class=\"elementor-heading-title elementor-size-default\">H\u00e1sk\u00f3linn \u00e1 Akureyri<\/h2>\t\t\t\t<\/div>\n\t\t\t\t<\/div>\n\t\t<div class=\"elementor-element elementor-element-80aa71d e-con-full e-flex e-con e-child\" data-id=\"80aa71d\" data-element_type=\"container\" data-e-type=\"container\">\n\t\t<div class=\"elementor-element elementor-element-d25c75a e-con-full e-flex e-con e-child\" data-id=\"d25c75a\" data-element_type=\"container\" data-e-type=\"container\">\n\t\t\t\t<div class=\"elementor-element elementor-element-9beb5bb elementor-widget elementor-widget-image\" data-id=\"9beb5bb\" data-element_type=\"widget\" data-e-type=\"widget\" data-widget_type=\"image.default\">\n\t\t\t\t<div class=\"elementor-widget-container\">\n\t\t\t\t\t\t\t\t\t\t\t\t\t\t\t<img decoding=\"async\" width=\"1200\" height=\"300\" src=\"https:\/\/silwers.ue.katowice.pl\/wp-content\/uploads\/2025\/09\/Haskolinn_a_Akureyri_logo.png\" class=\"attachment-full size-full wp-image-1773\" alt=\"\" srcset=\"https:\/\/silwers.ue.katowice.pl\/wp-content\/uploads\/2025\/09\/Haskolinn_a_Akureyri_logo.png 1200w, https:\/\/silwers.ue.katowice.pl\/wp-content\/uploads\/2025\/09\/Haskolinn_a_Akureyri_logo-300x75.png 300w, https:\/\/silwers.ue.katowice.pl\/wp-content\/uploads\/2025\/09\/Haskolinn_a_Akureyri_logo-1024x256.png 1024w, https:\/\/silwers.ue.katowice.pl\/wp-content\/uploads\/2025\/09\/Haskolinn_a_Akureyri_logo-768x192.png 768w\" sizes=\"(max-width: 1200px) 100vw, 1200px\" \/>\t\t\t\t\t\t\t\t\t\t\t\t\t\t\t<\/div>\n\t\t\t\t<\/div>\n\t\t\t\t<\/div>\n\t\t<div class=\"elementor-element elementor-element-c22b60b e-con-full e-flex e-con e-child\" data-id=\"c22b60b\" data-element_type=\"container\" data-e-type=\"container\">\n\t\t\t\t<div class=\"elementor-element elementor-element-a4fd607 elementor-widget elementor-widget-text-editor\" data-id=\"a4fd607\" data-element_type=\"widget\" data-e-type=\"widget\" data-widget_type=\"text-editor.default\">\n\t\t\t\t<div class=\"elementor-widget-container\">\n\t\t\t\t\t\t\t\t\t<p>University of Akureyri is a dynamic academic institution with a strong focus on interdisciplinary research and education oriented toward local and Arctic challenges. In the SILWERS project, the university is responsible for conducting research, preparing academic materials, and evaluating educational activities. The H\u00e1sk\u00f3linn team brings expertise in social research, public policy analysis, and the implementation of training programs tailored to the specific needs of northern regions.<\/p>\t\t\t\t\t\t\t\t<\/div>\n\t\t\t\t<\/div>\n\t\t\t\t<\/div>\n\t\t\t\t<\/div>\n\t\t\t\t<\/div>\n\t\t<div class=\"elementor-element elementor-element-4d5bfa8 e-con-full e-flex e-con e-child\" data-id=\"4d5bfa8\" data-element_type=\"container\" data-e-type=\"container\">\n\t\t\t\t<div class=\"elementor-element elementor-element-fb9f628 elementor-widget elementor-widget-heading\" data-id=\"fb9f628\" data-element_type=\"widget\" data-e-type=\"widget\" data-widget_type=\"heading.default\">\n\t\t\t\t<div class=\"elementor-widget-container\">\n\t\t\t\t\t<h2 class=\"elementor-heading-title elementor-size-default\">TSecurity ehf<\/h2>\t\t\t\t<\/div>\n\t\t\t\t<\/div>\n\t\t<div class=\"elementor-element elementor-element-90890fd e-con-full e-flex e-con e-child\" data-id=\"90890fd\" data-element_type=\"container\" data-e-type=\"container\">\n\t\t<div class=\"elementor-element elementor-element-d4053c3 e-con-full e-flex e-con e-child\" data-id=\"d4053c3\" data-element_type=\"container\" data-e-type=\"container\">\n\t\t\t\t<div class=\"elementor-element elementor-element-d37351e elementor-widget elementor-widget-image\" data-id=\"d37351e\" data-element_type=\"widget\" data-e-type=\"widget\" data-widget_type=\"image.default\">\n\t\t\t\t<div class=\"elementor-widget-container\">\n\t\t\t\t\t\t\t\t\t\t\t\t\t\t\t<img decoding=\"async\" width=\"790\" height=\"112\" src=\"https:\/\/silwers.ue.katowice.pl\/wp-content\/uploads\/2025\/05\/SecureIT-logo-Main.png\" class=\"attachment-large size-large wp-image-1159\" alt=\"\" srcset=\"https:\/\/silwers.ue.katowice.pl\/wp-content\/uploads\/2025\/05\/SecureIT-logo-Main.png 790w, https:\/\/silwers.ue.katowice.pl\/wp-content\/uploads\/2025\/05\/SecureIT-logo-Main-300x43.png 300w, https:\/\/silwers.ue.katowice.pl\/wp-content\/uploads\/2025\/05\/SecureIT-logo-Main-768x109.png 768w\" sizes=\"(max-width: 790px) 100vw, 790px\" \/>\t\t\t\t\t\t\t\t\t\t\t\t\t\t\t<\/div>\n\t\t\t\t<\/div>\n\t\t\t\t<\/div>\n\t\t<div class=\"elementor-element elementor-element-013017b e-con-full e-flex e-con e-child\" data-id=\"013017b\" data-element_type=\"container\" data-e-type=\"container\">\n\t\t\t\t<div class=\"elementor-element elementor-element-55867bc elementor-widget elementor-widget-text-editor\" data-id=\"55867bc\" data-element_type=\"widget\" data-e-type=\"widget\" data-widget_type=\"text-editor.default\">\n\t\t\t\t<div class=\"elementor-widget-container\">\n\t\t\t\t\t\t\t\t\t<p>TSecurity ehf is an Icelandic technology company focused on digital security, IT infrastructure, and solutions for the educational sector. In the SILWERS project, TSecurity provides technical support, develops and secures the online platform, and offers consultancy on privacy and data protection. Their role is crucial for the secure deployment of digital tools and maintaining compliance with IT security best practices.<\/p>\t\t\t\t\t\t\t\t<\/div>\n\t\t\t\t<\/div>\n\t\t\t\t<\/div>\n\t\t\t\t<\/div>\n\t\t\t\t<\/div>\n\t\t<div class=\"elementor-element elementor-element-1eb6741 e-con-full e-flex e-con e-child\" data-id=\"1eb6741\" data-element_type=\"container\" data-e-type=\"container\">\n\t\t\t\t<div class=\"elementor-element elementor-element-fca2b30 elementor-widget elementor-widget-heading\" data-id=\"fca2b30\" data-element_type=\"widget\" data-e-type=\"widget\" data-widget_type=\"heading.default\">\n\t\t\t\t<div class=\"elementor-widget-container\">\n\t\t\t\t\t<h2 class=\"elementor-heading-title elementor-size-default\">Vzdelavaci centrum Hello s.r.o.<\/h2>\t\t\t\t<\/div>\n\t\t\t\t<\/div>\n\t\t<div class=\"elementor-element elementor-element-4b1ce07 e-con-full e-flex e-con e-child\" data-id=\"4b1ce07\" data-element_type=\"container\" data-e-type=\"container\">\n\t\t<div class=\"elementor-element elementor-element-4af33af e-con-full e-flex e-con e-child\" data-id=\"4af33af\" data-element_type=\"container\" data-e-type=\"container\">\n\t\t\t\t<div class=\"elementor-element elementor-element-7793dec elementor-widget elementor-widget-image\" data-id=\"7793dec\" data-element_type=\"widget\" data-e-type=\"widget\" data-widget_type=\"image.default\">\n\t\t\t\t<div class=\"elementor-widget-container\">\n\t\t\t\t\t\t\t\t\t\t\t\t\t\t\t<img loading=\"lazy\" decoding=\"async\" width=\"230\" height=\"160\" src=\"https:\/\/silwers.ue.katowice.pl\/wp-content\/uploads\/2025\/05\/hello_brand_NEW20.png\" class=\"attachment-large size-large wp-image-1157\" alt=\"\" \/>\t\t\t\t\t\t\t\t\t\t\t\t\t\t\t<\/div>\n\t\t\t\t<\/div>\n\t\t\t\t<\/div>\n\t\t<div class=\"elementor-element elementor-element-a9e324c e-con-full e-flex e-con e-child\" data-id=\"a9e324c\" data-element_type=\"container\" data-e-type=\"container\">\n\t\t\t\t<div class=\"elementor-element elementor-element-4615774 elementor-widget elementor-widget-text-editor\" data-id=\"4615774\" data-element_type=\"widget\" data-e-type=\"widget\" data-widget_type=\"text-editor.default\">\n\t\t\t\t<div class=\"elementor-widget-container\">\n\t\t\t\t\t\t\t\t\t<p>Vzdelavaci centrum Hello is a Czech training center specializing in adult education, vocational training, and e-learning. Within the SILWERS framework, it is responsible for course design, the development of training materials, and pilot testing of the educational platform. Hello brings experience in creating engaging training programs, educational quality audits, and adapting content for various target groups.<\/p>\t\t\t\t\t\t\t\t<\/div>\n\t\t\t\t<\/div>\n\t\t\t\t<\/div>\n\t\t\t\t<\/div>\n\t\t\t\t<\/div>\n\t\t<div class=\"elementor-element elementor-element-1820ab5 e-con-full e-flex e-con e-child\" data-id=\"1820ab5\" data-element_type=\"container\" data-e-type=\"container\">\n\t\t\t\t<div class=\"elementor-element elementor-element-222897b elementor-widget elementor-widget-heading\" data-id=\"222897b\" data-element_type=\"widget\" data-e-type=\"widget\" data-widget_type=\"heading.default\">\n\t\t\t\t<div class=\"elementor-widget-container\">\n\t\t\t\t\t<h2 class=\"elementor-heading-title elementor-size-default\">Social Cooperative Enterprise Drosostalida<\/h2>\t\t\t\t<\/div>\n\t\t\t\t<\/div>\n\t\t<div class=\"elementor-element elementor-element-bc9a456 e-con-full e-flex e-con e-child\" data-id=\"bc9a456\" data-element_type=\"container\" data-e-type=\"container\">\n\t\t<div class=\"elementor-element elementor-element-a0b4bc0 e-con-full e-flex e-con e-child\" data-id=\"a0b4bc0\" data-element_type=\"container\" data-e-type=\"container\">\n\t\t\t\t<div class=\"elementor-element elementor-element-e052292 elementor-widget elementor-widget-image\" data-id=\"e052292\" data-element_type=\"widget\" data-e-type=\"widget\" data-widget_type=\"image.default\">\n\t\t\t\t<div class=\"elementor-widget-container\">\n\t\t\t\t\t\t\t\t\t\t\t\t\t\t\t<img loading=\"lazy\" decoding=\"async\" width=\"109\" height=\"100\" src=\"https:\/\/silwers.ue.katowice.pl\/wp-content\/uploads\/2025\/05\/dros.gif\" class=\"attachment-full size-full wp-image-1156\" alt=\"\" \/>\t\t\t\t\t\t\t\t\t\t\t\t\t\t\t<\/div>\n\t\t\t\t<\/div>\n\t\t\t\t<\/div>\n\t\t<div class=\"elementor-element elementor-element-ee371ce e-con-full e-flex e-con e-child\" data-id=\"ee371ce\" data-element_type=\"container\" data-e-type=\"container\">\n\t\t\t\t<div class=\"elementor-element elementor-element-b8441f0 elementor-widget elementor-widget-text-editor\" data-id=\"b8441f0\" data-element_type=\"widget\" data-e-type=\"widget\" data-widget_type=\"text-editor.default\">\n\t\t\t\t<div class=\"elementor-widget-container\">\n\t\t\t\t\t\t\t\t\t<p>Drosostalida is a Greek social enterprise working for social inclusion, support of local communities, and the development of soft skills. In the SILWERS project, Drosostalida is involved in testing educational tools in local environments, organizing workshops, and working with target groups (including those at risk of exclusion). This partner brings practical experience in conducting social activities and know-how in cooperation with NGOs and local institutions.<\/p>\t\t\t\t\t\t\t\t<\/div>\n\t\t\t\t<\/div>\n\t\t\t\t<\/div>\n\t\t\t\t<\/div>\n\t\t\t\t<\/div>\n\t\t\t\t\t<\/div>\n\t\t\t\t<\/div>\n\t\t\t\t<\/div>\n\t\t","protected":false},"excerpt":{"rendered":"<p>Partners University of Economics in Katowice University of Economics in Katowice is a project coordinator and a competence<\/p>\n","protected":false},"author":2,"featured_media":0,"parent":0,"menu_order":0,"comment_status":"closed","ping_status":"closed","template":"elementor_header_footer","meta":{"_tutorstarter_page_metadata":[],"footnotes":""},"class_list":["post-3165","page","type-page","status-publish","hentry"],"_links":{"self":[{"href":"https:\/\/silwers.ue.katowice.pl\/en\/wp-json\/wp\/v2\/pages\/3165","targetHints":{"allow":["GET"]}}],"collection":[{"href":"https:\/\/silwers.ue.katowice.pl\/en\/wp-json\/wp\/v2\/pages"}],"about":[{"href":"https:\/\/silwers.ue.katowice.pl\/en\/wp-json\/wp\/v2\/types\/page"}],"author":[{"embeddable":true,"href":"https:\/\/silwers.ue.katowice.pl\/en\/wp-json\/wp\/v2\/users\/2"}],"replies":[{"embeddable":true,"href":"https:\/\/silwers.ue.katowice.pl\/en\/wp-json\/wp\/v2\/comments?post=3165"}],"version-history":[{"count":3,"href":"https:\/\/silwers.ue.katowice.pl\/en\/wp-json\/wp\/v2\/pages\/3165\/revisions"}],"predecessor-version":[{"id":3172,"href":"https:\/\/silwers.ue.katowice.pl\/en\/wp-json\/wp\/v2\/pages\/3165\/revisions\/3172"}],"wp:attachment":[{"href":"https:\/\/silwers.ue.katowice.pl\/en\/wp-json\/wp\/v2\/media?parent=3165"}],"curies":[{"name":"wp","href":"https:\/\/api.w.org\/{rel}","templated":true}]}}