{"id":4022,"date":"2025-09-08T12:22:28","date_gmt":"2025-09-08T10:22:28","guid":{"rendered":"https:\/\/silwers.ue.katowice.pl\/um-verkefnid\/"},"modified":"2025-09-08T12:22:28","modified_gmt":"2025-09-08T10:22:28","slug":"um-verkefnid","status":"publish","type":"page","link":"https:\/\/silwers.ue.katowice.pl\/is\/um-verkefnid\/","title":{"rendered":"Um verkefni\u00f0"},"content":{"rendered":"\t\t<div data-elementor-type=\"wp-page\" data-elementor-id=\"4022\" class=\"elementor elementor-4022\" data-elementor-post-type=\"page\">\n\t\t\t\t<div class=\"elementor-element elementor-element-3a6083f e-flex e-con-boxed e-con e-parent\" data-id=\"3a6083f\" data-element_type=\"container\" data-e-type=\"container\" data-settings=\"{&quot;background_background&quot;:&quot;classic&quot;}\">\n\t\t\t\t\t<div class=\"e-con-inner\">\n\t\t\t\t<div class=\"elementor-element elementor-element-5c0802b elementor-widget elementor-widget-heading\" data-id=\"5c0802b\" data-element_type=\"widget\" data-e-type=\"widget\" data-widget_type=\"heading.default\">\n\t\t\t\t<div class=\"elementor-widget-container\">\n\t\t\t\t\t<h2 class=\"elementor-heading-title elementor-size-default\">O projekcie<\/h2>\t\t\t\t<\/div>\n\t\t\t\t<\/div>\n\t\t\t\t\t<\/div>\n\t\t\t\t<\/div>\n\t\t<div class=\"elementor-element elementor-element-e4609f2 e-flex e-con-boxed e-con e-parent\" data-id=\"e4609f2\" data-element_type=\"container\" data-e-type=\"container\">\n\t\t\t\t\t<div class=\"e-con-inner\">\n\t\t\t\t<div class=\"elementor-element elementor-element-860a19d elementor-widget elementor-widget-text-editor\" data-id=\"860a19d\" data-element_type=\"widget\" data-e-type=\"widget\" data-widget_type=\"text-editor.default\">\n\t\t\t\t<div class=\"elementor-widget-container\">\n\t\t\t\t\t\t\t\t\t<p data-start=\"209\" data-end=\"739\">SILWERS (Seniors Artificial Intelligence Learning \u2013 Well Educated and Risk Secure) to trzyletni projekt realizowany od listopada 2024 roku, kt\u00f3rego celem jest wsparcie os\u00f3b starszych w rozwijaniu kompetencji zwi\u0105zanych ze sztuczn\u0105 inteligencj\u0105 oraz zwi\u0119kszanie ich odporno\u015bci na zagro\u017cenia cyfrowe. Projekt odpowiada na rosn\u0105ce wyzwania zwi\u0105zane z cyfryzacj\u0105 i rozwojem AI, stawiaj\u0105c na inkluzj\u0119 cyfrow\u0105 senior\u00f3w oraz kszta\u0142cenie w obszarze bezpiecze\u0144stwa w sieci.\u00a0<\/p>\t\t\t\t\t\t\t\t<\/div>\n\t\t\t\t<\/div>\n\t\t\t\t\t<\/div>\n\t\t\t\t<\/div>\n\t\t<div class=\"elementor-element elementor-element-b0817b0 e-flex e-con-boxed e-con e-parent\" data-id=\"b0817b0\" data-element_type=\"container\" data-e-type=\"container\">\n\t\t\t\t\t<div class=\"e-con-inner\">\n\t\t<div class=\"elementor-element elementor-element-54e3be1 e-con-full e-flex e-con e-child\" data-id=\"54e3be1\" data-element_type=\"container\" data-e-type=\"container\">\n\t\t\t\t<div class=\"elementor-element elementor-element-4db4714 elementor-widget elementor-widget-image\" data-id=\"4db4714\" data-element_type=\"widget\" data-e-type=\"widget\" data-widget_type=\"image.default\">\n\t\t\t\t<div class=\"elementor-widget-container\">\n\t\t\t\t\t\t\t\t\t\t\t\t\t\t\t<img fetchpriority=\"high\" decoding=\"async\" width=\"800\" height=\"800\" src=\"https:\/\/silwers.ue.katowice.pl\/wp-content\/uploads\/2025\/05\/silwers-logo-white-bg-800x800-1.png\" class=\"attachment-large size-large wp-image-35\" alt=\"\" srcset=\"https:\/\/silwers.ue.katowice.pl\/wp-content\/uploads\/2025\/05\/silwers-logo-white-bg-800x800-1.png 800w, https:\/\/silwers.ue.katowice.pl\/wp-content\/uploads\/2025\/05\/silwers-logo-white-bg-800x800-1-300x300.png 300w, https:\/\/silwers.ue.katowice.pl\/wp-content\/uploads\/2025\/05\/silwers-logo-white-bg-800x800-1-150x150.png 150w, https:\/\/silwers.ue.katowice.pl\/wp-content\/uploads\/2025\/05\/silwers-logo-white-bg-800x800-1-768x768.png 768w\" sizes=\"(max-width: 800px) 100vw, 800px\" \/>\t\t\t\t\t\t\t\t\t\t\t\t\t\t\t<\/div>\n\t\t\t\t<\/div>\n\t\t\t\t<\/div>\n\t\t<div class=\"elementor-element elementor-element-76518f2 e-con-full e-flex e-con e-child\" data-id=\"76518f2\" data-element_type=\"container\" data-e-type=\"container\">\n\t\t\t\t<div class=\"elementor-element elementor-element-9c71316 elementor-widget elementor-widget-text-editor\" data-id=\"9c71316\" data-element_type=\"widget\" data-e-type=\"widget\" data-widget_type=\"text-editor.default\">\n\t\t\t\t<div class=\"elementor-widget-container\">\n\t\t\t\t\t\t\t\t\t<p>W ramach projektu planowane s\u0105 dzia\u0142ania edukacyjne i szkoleniowe dostosowane do potrzeb os\u00f3b starszych: modu\u0142y szkoleniowe z podstaw AI, warsztaty praktyczne, materia\u0142y e-learningowe oraz narz\u0119dzia podnosz\u0105ce \u015bwiadomo\u015b\u0107 w zakresie cyberbezpiecze\u0144stwa. Dzia\u0142ania b\u0119d\u0105 projektowane z my\u015bl\u0105 o przyst\u0119pno\u015bci, prostym j\u0119zyku oraz formatach u\u0142atwiaj\u0105cych samodzieln\u0105 nauk\u0119 (kursy online, poradniki, sesje wsparcia). Oczekiwanym rezultatem jest zwi\u0119kszenie umiej\u0119tno\u015bci cyfrowych uczestnik\u00f3w oraz poprawa ich pewno\u015bci w bezpiecznym korzystaniu z rozwi\u0105za\u0144 opartych na sztucznej inteligencji.<\/p>\t\t\t\t\t\t\t\t<\/div>\n\t\t\t\t<\/div>\n\t\t\t\t<\/div>\n\t\t\t\t\t<\/div>\n\t\t\t\t<\/div>\n\t\t<div class=\"elementor-element elementor-element-93330ba e-flex e-con-boxed e-con e-parent\" data-id=\"93330ba\" data-element_type=\"container\" data-e-type=\"container\">\n\t\t\t\t\t<div class=\"e-con-inner\">\n\t\t\t\t<div class=\"elementor-element elementor-element-02594c6 elementor-widget elementor-widget-text-editor\" data-id=\"02594c6\" data-element_type=\"widget\" data-e-type=\"widget\" data-widget_type=\"text-editor.default\">\n\t\t\t\t<div class=\"elementor-widget-container\">\n\t\t\t\t\t\t\t\t\t<p>Projekt realizowany jest w mi\u0119dzynarodowym partnerstwie, kt\u00f3rego liderem jest H\u00e1sk\u00f3linn \u00e1 Akureyri (Islandia). Pozostali partnerzy to: Uniwersytet Ekonomiczny w Katowicach, Social Cooperative Enterprise Drosostalida (Grecja), Vzdelavaci centrum Hello s.r.o. (Czechy) oraz TSecurity ehf (Islandia). Wsp\u00f3\u0142praca pozwoli na wymian\u0119 dobrych praktyk, wsp\u00f3lne opracowanie materia\u0142\u00f3w dydaktycznych oraz pilota\u017c rozwi\u0105za\u0144 w r\u00f3\u017cnych krajach partnerskich.<\/p><p>\u00a0<\/p><p>Seniorzy zainteresowani cyfryzacj\u0105 oraz organizacje i instytucje dzia\u0142aj\u0105ce na rzecz edukacji os\u00f3b doros\u0142ych \u2014 w szczeg\u00f3lno\u015bci te, kt\u00f3re chc\u0105 w\u0142\u0105czy\u0107 elementy nauczania o sztucznej inteligencji i bezpiecze\u0144stwie cyfrowym do swojej oferty. Projekt przewiduje tak\u017ce dzia\u0142ania upowszechniaj\u0105ce rezultaty (webinary, publikacje, toolkit), dzi\u0119ki czemu materia\u0142y b\u0119d\u0105 dost\u0119pne szerokiemu gronu odbiorc\u00f3w.<\/p>\t\t\t\t\t\t\t\t<\/div>\n\t\t\t\t<\/div>\n\t\t\t\t<div class=\"elementor-element elementor-element-b1987f4 elementor-widget elementor-widget-text-editor\" data-id=\"b1987f4\" data-element_type=\"widget\" data-e-type=\"widget\" data-widget_type=\"text-editor.default\">\n\t\t\t\t<div class=\"elementor-widget-container\">\n\t\t\t\t\t\t\t\t\t<p><strong>Projekt finansowany ze \u015brodk\u00f3w programu Erasmus+ KA220-ADU &#8211; Cooperation partnerships in adult education,<\/strong><br data-start=\"2416\" data-end=\"2419\" \/><strong>Project No:<\/strong> 2024-1-IS01-KA220-ADU-000256952<br data-start=\"2466\" data-end=\"2469\" \/><strong>Czas trwania:<\/strong> 1 listopada 2024 \u2013 31 pa\u017adziernika 2027<br data-start=\"2526\" data-end=\"2529\" \/><strong>Warto\u015b\u0107 projektu:<\/strong> 400 000 EUR<\/p>\t\t\t\t\t\t\t\t<\/div>\n\t\t\t\t<\/div>\n\t\t\t\t\t<\/div>\n\t\t\t\t<\/div>\n\t\t\t\t<\/div>\n\t\t","protected":false},"excerpt":{"rendered":"<p>Um verkefni\u00f0 SILWERS (Seniors Artificial Intelligence Learning \u2013 Well Educated and Risk Secure) er \u00feriggja \u00e1ra verkefni sem<\/p>\n","protected":false},"author":2,"featured_media":0,"parent":0,"menu_order":0,"comment_status":"closed","ping_status":"closed","template":"elementor_header_footer","meta":{"_tutorstarter_page_metadata":[],"footnotes":""},"class_list":["post-4022","page","type-page","status-publish","hentry"],"_links":{"self":[{"href":"https:\/\/silwers.ue.katowice.pl\/is\/wp-json\/wp\/v2\/pages\/4022","targetHints":{"allow":["GET"]}}],"collection":[{"href":"https:\/\/silwers.ue.katowice.pl\/is\/wp-json\/wp\/v2\/pages"}],"about":[{"href":"https:\/\/silwers.ue.katowice.pl\/is\/wp-json\/wp\/v2\/types\/page"}],"author":[{"embeddable":true,"href":"https:\/\/silwers.ue.katowice.pl\/is\/wp-json\/wp\/v2\/users\/2"}],"replies":[{"embeddable":true,"href":"https:\/\/silwers.ue.katowice.pl\/is\/wp-json\/wp\/v2\/comments?post=4022"}],"version-history":[{"count":0,"href":"https:\/\/silwers.ue.katowice.pl\/is\/wp-json\/wp\/v2\/pages\/4022\/revisions"}],"wp:attachment":[{"href":"https:\/\/silwers.ue.katowice.pl\/is\/wp-json\/wp\/v2\/media?parent=4022"}],"curies":[{"name":"wp","href":"https:\/\/api.w.org\/{rel}","templated":true}]}}