{"id":4025,"date":"2025-09-10T20:04:04","date_gmt":"2025-09-10T18:04:04","guid":{"rendered":"https:\/\/silwers.ue.katowice.pl\/skyrslur\/"},"modified":"2026-04-19T21:27:24","modified_gmt":"2026-04-19T19:27:24","slug":"skyrslur","status":"publish","type":"page","link":"https:\/\/silwers.ue.katowice.pl\/is\/skyrslur\/","title":{"rendered":"Sk\u00fdrslur"},"content":{"rendered":"\t\t<div data-elementor-type=\"wp-page\" data-elementor-id=\"4025\" class=\"elementor elementor-4025\" data-elementor-post-type=\"page\">\n\t\t\t\t<div class=\"elementor-element elementor-element-cf9605a e-flex e-con-boxed e-con e-parent\" data-id=\"cf9605a\" data-element_type=\"container\" data-e-type=\"container\" data-settings=\"{&quot;background_background&quot;:&quot;classic&quot;}\">\n\t\t\t\t\t<div class=\"e-con-inner\">\n\t\t\t\t<div class=\"elementor-element elementor-element-26dc387 elementor-widget elementor-widget-heading\" data-id=\"26dc387\" data-element_type=\"widget\" data-e-type=\"widget\" data-widget_type=\"heading.default\">\n\t\t\t\t<div class=\"elementor-widget-container\">\n\t\t\t\t\t<h1 class=\"elementor-heading-title elementor-size-default\">Ni\u00f0urhal<\/h1>\t\t\t\t<\/div>\n\t\t\t\t<\/div>\n\t\t\t\t\t<\/div>\n\t\t\t\t<\/div>\n\t\t<div class=\"elementor-element elementor-element-7a6e9d4 e-flex e-con-boxed e-con e-parent\" data-id=\"7a6e9d4\" data-element_type=\"container\" data-e-type=\"container\">\n\t\t\t\t\t<div class=\"e-con-inner\">\n\t\t\t\t<div class=\"elementor-element elementor-element-cfe4c2c elementor-widget elementor-widget-heading\" data-id=\"cfe4c2c\" data-element_type=\"widget\" data-e-type=\"widget\" data-widget_type=\"heading.default\">\n\t\t\t\t<div class=\"elementor-widget-container\">\n\t\t\t\t\t<h2 class=\"elementor-heading-title elementor-size-default\">A\u00f0 greina \u00fearfir<\/h2>\t\t\t\t<\/div>\n\t\t\t\t<\/div>\n\t\t\t\t<div class=\"elementor-element elementor-element-e5dc6e2 elementor-widget elementor-widget-text-editor\" data-id=\"e5dc6e2\" data-element_type=\"widget\" data-e-type=\"widget\" data-widget_type=\"text-editor.default\">\n\t\t\t\t<div class=\"elementor-widget-container\">\n\t\t\t\t\t\t\t\t\t<p>Sem hluti af \u00fearfagreiningu okkar ger\u00f0um vi\u00f0 kannanir me\u00f0al eldri borgara, um\u00f6nnunara\u00f0ila og uppl\u00fdsingat\u00e6knif\u00f3lks. S\u00e6ktu sk\u00fdrslurnar til a\u00f0 komast a\u00f0 \u00fev\u00ed hva\u00f0a helstu \u00fearfir og \u00e1skoranir hver \u00feessara h\u00f3pa benti \u00e1.<\/p>\t\t\t\t\t\t\t\t<\/div>\n\t\t\t\t<\/div>\n\t\t\t\t\t<\/div>\n\t\t\t\t<\/div>\n\t\t<div class=\"elementor-element elementor-element-7d2475c e-flex e-con-boxed e-con e-parent\" data-id=\"7d2475c\" data-element_type=\"container\" data-e-type=\"container\">\n\t\t\t\t\t<div class=\"e-con-inner\">\n\t\t<div class=\"elementor-element elementor-element-18ddb45 e-con-full e-flex e-con e-child\" data-id=\"18ddb45\" data-element_type=\"container\" data-e-type=\"container\">\n\t\t\t\t<div class=\"elementor-element elementor-element-bd5e2b7 elementor-position-top elementor-widget elementor-widget-image-box\" data-id=\"bd5e2b7\" data-element_type=\"widget\" data-e-type=\"widget\" data-widget_type=\"image-box.default\">\n\t\t\t\t<div class=\"elementor-widget-container\">\n\t\t\t\t\t<div class=\"elementor-image-box-wrapper\"><figure class=\"elementor-image-box-img\"><img fetchpriority=\"high\" decoding=\"async\" width=\"427\" height=\"427\" src=\"https:\/\/silwers.ue.katowice.pl\/wp-content\/uploads\/2025\/01\/silwers-favicon.png\" class=\"attachment-full size-full wp-image-1166\" alt=\"\" srcset=\"https:\/\/silwers.ue.katowice.pl\/wp-content\/uploads\/2025\/01\/silwers-favicon.png 427w, https:\/\/silwers.ue.katowice.pl\/wp-content\/uploads\/2025\/01\/silwers-favicon-300x300.png 300w, https:\/\/silwers.ue.katowice.pl\/wp-content\/uploads\/2025\/01\/silwers-favicon-150x150.png 150w, https:\/\/silwers.ue.katowice.pl\/wp-content\/uploads\/2025\/01\/elementor\/thumbs\/silwers-favicon-r5ybbcazavfxfok2ni9za6so5v215i1n9lm0k54whg.png 50w, https:\/\/silwers.ue.katowice.pl\/wp-content\/uploads\/2025\/01\/elementor\/thumbs\/silwers-favicon-r5ybbcayptmfv1fvqfgm9o5ggqmulgi3n50c09pfo4.png 2w, https:\/\/silwers.ue.katowice.pl\/wp-content\/uploads\/2025\/01\/elementor\/thumbs\/silwers-favicon-r5ybbcayzwqtj6in1s26r632wj04hk8psngq0silh6.png 25w\" sizes=\"(max-width: 427px) 100vw, 427px\" \/><\/figure><div class=\"elementor-image-box-content\"><h3 class=\"elementor-image-box-title\">IT-s\u00e9rfr\u00e6\u00f0ingar<\/h3><p class=\"elementor-image-box-description\">Sk\u00fdrsla \u00far r\u00fdnih\u00f3paranns\u00f3kn me\u00f0 IT-s\u00e9rfr\u00e6\u00f0ingum \u00e1 svi\u00f0i net\u00f6ryggis og AI fr\u00e1 4 l\u00f6ndum.<\/p><\/div><\/div>\t\t\t\t<\/div>\n\t\t\t\t<\/div>\n\t\t\t\t<div class=\"elementor-element elementor-element-e73c53b elementor-align-center elementor-widget elementor-widget-button\" data-id=\"e73c53b\" data-element_type=\"widget\" data-e-type=\"widget\" data-widget_type=\"button.default\">\n\t\t\t\t<div class=\"elementor-widget-container\">\n\t\t\t\t\t\t\t\t\t<div class=\"elementor-button-wrapper\">\n\t\t\t\t\t<a class=\"elementor-button elementor-button-link elementor-size-sm\" href=\"https:\/\/silwers.ue.katowice.pl\/wp-content\/uploads\/2025\/12\/SILWERS-expert-fora-report-IC..pdf\">\n\t\t\t\t\t\t<span class=\"elementor-button-content-wrapper\">\n\t\t\t\t\t\t\t\t\t<span class=\"elementor-button-text\">S\u00e6ktu skr\u00e1na<\/span>\n\t\t\t\t\t<\/span>\n\t\t\t\t\t<\/a>\n\t\t\t\t<\/div>\n\t\t\t\t\t\t\t\t<\/div>\n\t\t\t\t<\/div>\n\t\t\t\t<\/div>\n\t\t<div class=\"elementor-element elementor-element-fdc6d59 e-con-full e-flex e-con e-child\" data-id=\"fdc6d59\" data-element_type=\"container\" data-e-type=\"container\">\n\t\t\t\t<div class=\"elementor-element elementor-element-0d07bc7 elementor-position-top elementor-widget elementor-widget-image-box\" data-id=\"0d07bc7\" data-element_type=\"widget\" data-e-type=\"widget\" data-widget_type=\"image-box.default\">\n\t\t\t\t<div class=\"elementor-widget-container\">\n\t\t\t\t\t<div class=\"elementor-image-box-wrapper\"><figure class=\"elementor-image-box-img\"><img fetchpriority=\"high\" decoding=\"async\" width=\"427\" height=\"427\" src=\"https:\/\/silwers.ue.katowice.pl\/wp-content\/uploads\/2025\/01\/silwers-favicon.png\" class=\"attachment-full size-full wp-image-1166\" alt=\"\" srcset=\"https:\/\/silwers.ue.katowice.pl\/wp-content\/uploads\/2025\/01\/silwers-favicon.png 427w, https:\/\/silwers.ue.katowice.pl\/wp-content\/uploads\/2025\/01\/silwers-favicon-300x300.png 300w, https:\/\/silwers.ue.katowice.pl\/wp-content\/uploads\/2025\/01\/silwers-favicon-150x150.png 150w, https:\/\/silwers.ue.katowice.pl\/wp-content\/uploads\/2025\/01\/elementor\/thumbs\/silwers-favicon-r5ybbcazavfxfok2ni9za6so5v215i1n9lm0k54whg.png 50w, https:\/\/silwers.ue.katowice.pl\/wp-content\/uploads\/2025\/01\/elementor\/thumbs\/silwers-favicon-r5ybbcayptmfv1fvqfgm9o5ggqmulgi3n50c09pfo4.png 2w, https:\/\/silwers.ue.katowice.pl\/wp-content\/uploads\/2025\/01\/elementor\/thumbs\/silwers-favicon-r5ybbcayzwqtj6in1s26r632wj04hk8psngq0silh6.png 25w\" sizes=\"(max-width: 427px) 100vw, 427px\" \/><\/figure><div class=\"elementor-image-box-content\"><h3 class=\"elementor-image-box-title\">Or\u00f0asafn<\/h3><p class=\"elementor-image-box-description\">Algeng og nau\u00f0synleg hugt\u00f6k sem tengjast \u00fev\u00ed a\u00f0 vera \u00f6ruggur \u00e1 netinu.<\/p><\/div><\/div>\t\t\t\t<\/div>\n\t\t\t\t<\/div>\n\t\t\t\t<div class=\"elementor-element elementor-element-001087e elementor-align-center elementor-widget elementor-widget-button\" data-id=\"001087e\" data-element_type=\"widget\" data-e-type=\"widget\" data-widget_type=\"button.default\">\n\t\t\t\t<div class=\"elementor-widget-container\">\n\t\t\t\t\t\t\t\t\t<div class=\"elementor-button-wrapper\">\n\t\t\t\t\t<a class=\"elementor-button elementor-button-link elementor-size-sm\" href=\"https:\/\/silwers.ue.katowice.pl\/wp-content\/uploads\/2025\/12\/SILWERS-dictionary-IC..pdf\">\n\t\t\t\t\t\t<span class=\"elementor-button-content-wrapper\">\n\t\t\t\t\t\t\t\t\t<span class=\"elementor-button-text\">S\u00e6ktu skr\u00e1na<\/span>\n\t\t\t\t\t<\/span>\n\t\t\t\t\t<\/a>\n\t\t\t\t<\/div>\n\t\t\t\t\t\t\t\t<\/div>\n\t\t\t\t<\/div>\n\t\t\t\t<\/div>\n\t\t\t\t\t<\/div>\n\t\t\t\t<\/div>\n\t\t<div class=\"elementor-element elementor-element-f628709 e-flex e-con-boxed e-con e-parent\" data-id=\"f628709\" data-element_type=\"container\" data-e-type=\"container\">\n\t\t\t\t\t<div class=\"e-con-inner\">\n\t\t<div class=\"elementor-element elementor-element-8b98ace e-con-full e-flex e-con e-child\" data-id=\"8b98ace\" data-element_type=\"container\" data-e-type=\"container\">\n\t\t\t\t<div class=\"elementor-element elementor-element-fbebbad elementor-position-top elementor-widget elementor-widget-image-box\" data-id=\"fbebbad\" data-element_type=\"widget\" data-e-type=\"widget\" data-widget_type=\"image-box.default\">\n\t\t\t\t<div class=\"elementor-widget-container\">\n\t\t\t\t\t<div class=\"elementor-image-box-wrapper\"><figure class=\"elementor-image-box-img\"><img fetchpriority=\"high\" decoding=\"async\" width=\"427\" height=\"427\" src=\"https:\/\/silwers.ue.katowice.pl\/wp-content\/uploads\/2025\/01\/silwers-favicon.png\" class=\"attachment-full size-full wp-image-1166\" alt=\"\" srcset=\"https:\/\/silwers.ue.katowice.pl\/wp-content\/uploads\/2025\/01\/silwers-favicon.png 427w, https:\/\/silwers.ue.katowice.pl\/wp-content\/uploads\/2025\/01\/silwers-favicon-300x300.png 300w, https:\/\/silwers.ue.katowice.pl\/wp-content\/uploads\/2025\/01\/silwers-favicon-150x150.png 150w, https:\/\/silwers.ue.katowice.pl\/wp-content\/uploads\/2025\/01\/elementor\/thumbs\/silwers-favicon-r5ybbcazavfxfok2ni9za6so5v215i1n9lm0k54whg.png 50w, https:\/\/silwers.ue.katowice.pl\/wp-content\/uploads\/2025\/01\/elementor\/thumbs\/silwers-favicon-r5ybbcayptmfv1fvqfgm9o5ggqmulgi3n50c09pfo4.png 2w, https:\/\/silwers.ue.katowice.pl\/wp-content\/uploads\/2025\/01\/elementor\/thumbs\/silwers-favicon-r5ybbcayzwqtj6in1s26r632wj04hk8psngq0silh6.png 25w\" sizes=\"(max-width: 427px) 100vw, 427px\" \/><\/figure><div class=\"elementor-image-box-content\"><h3 class=\"elementor-image-box-title\">Kennarar<\/h3><p class=\"elementor-image-box-description\">Sk\u00fdrsla um markh\u00f3pak\u00f6nnun me\u00f0 fr\u00e6\u00f0sluf\u00f3lki \u2013 ranns\u00f3kn sem fram f\u00f3r \u00ed P\u00f3llandi, Grikklandi, T\u00e9kklandi og \u00e1 \u00cdslandi.<\/p><\/div><\/div>\t\t\t\t<\/div>\n\t\t\t\t<\/div>\n\t\t\t\t<div class=\"elementor-element elementor-element-02d7f6e elementor-align-center elementor-widget elementor-widget-button\" data-id=\"02d7f6e\" data-element_type=\"widget\" data-e-type=\"widget\" data-widget_type=\"button.default\">\n\t\t\t\t<div class=\"elementor-widget-container\">\n\t\t\t\t\t\t\t\t\t<div class=\"elementor-button-wrapper\">\n\t\t\t\t\t<a class=\"elementor-button elementor-button-link elementor-size-sm\" href=\"https:\/\/silwers.ue.katowice.pl\/wp-content\/uploads\/2025\/12\/SILWERS-Skills-anticipation-workshops-report-IC..pdf\">\n\t\t\t\t\t\t<span class=\"elementor-button-content-wrapper\">\n\t\t\t\t\t\t\t\t\t<span class=\"elementor-button-text\">S\u00e6ktu skr\u00e1na<\/span>\n\t\t\t\t\t<\/span>\n\t\t\t\t\t<\/a>\n\t\t\t\t<\/div>\n\t\t\t\t\t\t\t\t<\/div>\n\t\t\t\t<\/div>\n\t\t\t\t<\/div>\n\t\t<div class=\"elementor-element elementor-element-648ac53 e-con-full e-flex e-con e-child\" data-id=\"648ac53\" data-element_type=\"container\" data-e-type=\"container\">\n\t\t\t\t<div class=\"elementor-element elementor-element-d3f00f6 elementor-position-top elementor-widget elementor-widget-image-box\" data-id=\"d3f00f6\" data-element_type=\"widget\" data-e-type=\"widget\" data-widget_type=\"image-box.default\">\n\t\t\t\t<div class=\"elementor-widget-container\">\n\t\t\t\t\t<div class=\"elementor-image-box-wrapper\"><figure class=\"elementor-image-box-img\"><img fetchpriority=\"high\" decoding=\"async\" width=\"427\" height=\"427\" src=\"https:\/\/silwers.ue.katowice.pl\/wp-content\/uploads\/2025\/01\/silwers-favicon.png\" class=\"attachment-full size-full wp-image-1166\" alt=\"\" srcset=\"https:\/\/silwers.ue.katowice.pl\/wp-content\/uploads\/2025\/01\/silwers-favicon.png 427w, https:\/\/silwers.ue.katowice.pl\/wp-content\/uploads\/2025\/01\/silwers-favicon-300x300.png 300w, https:\/\/silwers.ue.katowice.pl\/wp-content\/uploads\/2025\/01\/silwers-favicon-150x150.png 150w, https:\/\/silwers.ue.katowice.pl\/wp-content\/uploads\/2025\/01\/elementor\/thumbs\/silwers-favicon-r5ybbcazavfxfok2ni9za6so5v215i1n9lm0k54whg.png 50w, https:\/\/silwers.ue.katowice.pl\/wp-content\/uploads\/2025\/01\/elementor\/thumbs\/silwers-favicon-r5ybbcayptmfv1fvqfgm9o5ggqmulgi3n50c09pfo4.png 2w, https:\/\/silwers.ue.katowice.pl\/wp-content\/uploads\/2025\/01\/elementor\/thumbs\/silwers-favicon-r5ybbcayzwqtj6in1s26r632wj04hk8psngq0silh6.png 25w\" sizes=\"(max-width: 427px) 100vw, 427px\" \/><\/figure><div class=\"elementor-image-box-content\"><h3 class=\"elementor-image-box-title\">Eldri borgarar<\/h3><p class=\"elementor-image-box-description\">Sk\u00fdrsla um k\u00f6nnun me\u00f0al eldri borgara, framkv\u00e6md \u00e1 \u00fartaki X einstaklinga eldri en 55 \u00e1ra \u00ed fj\u00f3rum l\u00f6ndum.<\/p><\/div><\/div>\t\t\t\t<\/div>\n\t\t\t\t<\/div>\n\t\t\t\t<div class=\"elementor-element elementor-element-95629c4 elementor-align-center elementor-widget elementor-widget-button\" data-id=\"95629c4\" data-element_type=\"widget\" data-e-type=\"widget\" data-widget_type=\"button.default\">\n\t\t\t\t<div class=\"elementor-widget-container\">\n\t\t\t\t\t\t\t\t\t<div class=\"elementor-button-wrapper\">\n\t\t\t\t\t<a class=\"elementor-button elementor-button-link elementor-size-sm\" href=\"#\">\n\t\t\t\t\t\t<span class=\"elementor-button-content-wrapper\">\n\t\t\t\t\t\t\t\t\t<span class=\"elementor-button-text\">S\u00e6ktu skr\u00e1na<\/span>\n\t\t\t\t\t<\/span>\n\t\t\t\t\t<\/a>\n\t\t\t\t<\/div>\n\t\t\t\t\t\t\t\t<\/div>\n\t\t\t\t<\/div>\n\t\t\t\t<\/div>\n\t\t\t\t\t<\/div>\n\t\t\t\t<\/div>\n\t\t\t\t<\/div>\n\t\t","protected":false},"excerpt":{"rendered":"<p>Ni\u00f0urhal A\u00f0 greina \u00fearfir Sem hluti af \u00fearfagreiningu okkar ger\u00f0um vi\u00f0 kannanir me\u00f0al eldri borgara, um\u00f6nnunara\u00f0ila og uppl\u00fdsingat\u00e6knif\u00f3lks.<\/p>\n","protected":false},"author":2,"featured_media":0,"parent":0,"menu_order":0,"comment_status":"closed","ping_status":"closed","template":"elementor_header_footer","meta":{"_tutorstarter_page_metadata":[],"footnotes":""},"class_list":["post-4025","page","type-page","status-publish","hentry"],"_links":{"self":[{"href":"https:\/\/silwers.ue.katowice.pl\/is\/wp-json\/wp\/v2\/pages\/4025","targetHints":{"allow":["GET"]}}],"collection":[{"href":"https:\/\/silwers.ue.katowice.pl\/is\/wp-json\/wp\/v2\/pages"}],"about":[{"href":"https:\/\/silwers.ue.katowice.pl\/is\/wp-json\/wp\/v2\/types\/page"}],"author":[{"embeddable":true,"href":"https:\/\/silwers.ue.katowice.pl\/is\/wp-json\/wp\/v2\/users\/2"}],"replies":[{"embeddable":true,"href":"https:\/\/silwers.ue.katowice.pl\/is\/wp-json\/wp\/v2\/comments?post=4025"}],"version-history":[{"count":4,"href":"https:\/\/silwers.ue.katowice.pl\/is\/wp-json\/wp\/v2\/pages\/4025\/revisions"}],"predecessor-version":[{"id":4103,"href":"https:\/\/silwers.ue.katowice.pl\/is\/wp-json\/wp\/v2\/pages\/4025\/revisions\/4103"}],"wp:attachment":[{"href":"https:\/\/silwers.ue.katowice.pl\/is\/wp-json\/wp\/v2\/media?parent=4025"}],"curies":[{"name":"wp","href":"https:\/\/api.w.org\/{rel}","templated":true}]}}